{"id":822058,"date":"2023-10-31T15:45:11","date_gmt":"2023-10-31T19:45:11","guid":{"rendered":"https:\/\/gaports.com\/equal-opportunity-employer\/non-employee-discrimination-complaint-form\/"},"modified":"2024-05-31T05:28:17","modified_gmt":"2024-05-31T09:28:17","slug":"non-employee-discrimination-complaint-form","status":"publish","type":"page","link":"https:\/\/gaports.com\/vi\/title-vi-and-ada\/non-employee-discrimination-complaint-form\/","title":{"rendered":"M\u1eabu \u0111\u01a1n khi\u1ebfu n\u1ea1i v\u1ec1 ph\u00e2n bi\u1ec7t \u0111\u1ed1i x\u1eed c\u1ee7a ng\u01b0\u1eddi kh\u00f4ng ph\u1ea3i l\u00e0 nh\u00e2n vi\u00ean"},"content":{"rendered":"<p>&nbsp;<\/p>\n<p>&nbsp;<\/p>\n","protected":false},"excerpt":{"rendered":"<p>&nbsp; &nbsp;<\/p>\n","protected":false},"author":20,"featured_media":0,"parent":822028,"menu_order":0,"comment_status":"closed","ping_status":"closed","template":"","meta":{"_acf_changed":false,"footnotes":""},"class_list":["post-822058","page","type-page","status-publish","hentry"],"acf":{"blocks":[{"acf_fc_layout":"hero","hero":{"size":"medium","title":"M\u1eabu \u0111\u01a1n khi\u1ebfu n\u1ea1i v\u1ec1 ph\u00e2n bi\u1ec7t \u0111\u1ed1i x\u1eed \u0111\u1ed1i v\u1edbi ng\u01b0\u1eddi kh\u00f4ng ph\u1ea3i l\u00e0 nh\u00e2n vi\u00ean","subtitle":"","background":"image","background_color":"","background_image":{"ID":823399,"id":823399,"title":"flag","filename":"flag-9.jpg","filesize":124126,"url":"https:\/\/gaports.com\/wp-content\/uploads\/2023\/12\/flag-9.jpg","link":"https:\/\/gaports.com\/vi\/equal-opportunity-employer\/flag\/","alt":"","author":"20","description":"","caption":"","name":"flag","status":"inherit","uploaded_to":55330,"date":"2023-12-06 14:28:03","modified":"2023-12-06 14:28:03","menu_order":0,"mime_type":"image\/jpeg","type":"image","subtype":"jpeg","icon":"https:\/\/gaports.com\/wp-includes\/images\/media\/default.png","width":1620,"height":1080,"sizes":{"thumbnail":"https:\/\/gaports.com\/wp-content\/uploads\/2023\/12\/flag-9-150x150.jpg","thumbnail-width":150,"thumbnail-height":150,"medium":"https:\/\/gaports.com\/wp-content\/uploads\/2023\/12\/flag-9-1024x683.jpg","medium-width":1024,"medium-height":683,"medium_large":"https:\/\/gaports.com\/wp-content\/uploads\/2023\/12\/flag-9-768x512.jpg","medium_large-width":640,"medium_large-height":427,"large":"https:\/\/gaports.com\/wp-content\/uploads\/2023\/12\/flag-9.jpg","large-width":640,"large-height":427,"1536x1536":"https:\/\/gaports.com\/wp-content\/uploads\/2023\/12\/flag-9-1536x1024.jpg","1536x1536-width":1536,"1536x1536-height":1024,"2048x2048":"https:\/\/gaports.com\/wp-content\/uploads\/2023\/12\/flag-9-2048x1366.jpg","2048x2048-width":2048,"2048x2048-height":1366}},"background_image_mobile":false,"background_video":false,"subnav_title":"","subnav":"true","subnav_menu":[{"subnav_link":{"title":"T\u1ed5ng quan","url":"https:\/\/gaports.com\/departments\/human-resources\/","target":""}},{"subnav_link":{"title":"Nh\u1eefng l\u1ee3i \u00edch","url":"https:\/\/gaports.com\/departments\/human-resources\/benefits\/","target":""}},{"subnav_link":{"title":"Ph\u00e1t tri\u1ec3n l\u1ef1c l\u01b0\u1ee3ng lao \u0111\u1ed9ng","url":"https:\/\/gaports.com\/departments\/human-resources\/workforce-development\/","target":""}},{"subnav_link":{"title":"\u0110\u1ea1o \u0111\u1ee9c","url":"https:\/\/gaports.com\/departments\/human-resources\/ethics\/","target":""}},{"subnav_link":{"title":"C\u01a1 h\u1ed9i vi\u1ec7c l\u00e0m c\u00f4ng b\u1eb1ng","url":"https:\/\/gaports.com\/vi\/equal-opportunity-employer\/","target":""}},{"subnav_link":{"title":"Ngh\u1ec1 nghi\u1ec7p","url":"https:\/\/recruiting.adp.com\/srccar\/public\/RTI.home?d=GPAExternalCareerSite&_icx=v02bE_OEapffF60O4aD4rfJiUQumRE4bBp4cnu9ljPaAth7%2FOo3NpBWlb4p41dwyF7M&c=2179107&_dissimuloSSO=eGsV73BNrQ4:fBcOlzrFMuuHw6UJ6jxRu-PBY3M","target":""}}],"breadcrumbs":"has-breadcrumbs","breadcrumb_link":{"title":"Ti\u00eau \u0111\u1ec1 VI v\u00e0 ADA","url":"https:\/\/gaports.com\/vi\/title-vi-and-ada\/","target":""},"extended_description":"","button_1":null,"button_2":null}},{"acf_fc_layout":"classic_editor","classic_editor":{"content":"<p>N\u1ebfu b\u1ea1n tin r\u1eb1ng m\u00ecnh \u0111\u00e3 b\u1ecb ph\u00e2n bi\u1ec7t \u0111\u1ed1i x\u1eed d\u1ef1a tr\u00ean ch\u1ee7ng t\u1ed9c, m\u00e0u da, ngu\u1ed3n g\u1ed1c qu\u1ed1c gia, \u0111\u1ed9 tu\u1ed5i, gi\u1edbi t\u00ednh ho\u1eb7c t\u00ecnh tr\u1ea1ng khuy\u1ebft t\u1eadt trong c\u00e1c ch\u01b0\u01a1ng tr\u00ecnh ho\u1eb7c ho\u1ea1t \u0111\u1ed9ng c\u1ee7a GPA, b\u1ea1n c\u00f3 th\u1ec3 n\u1ed9p \u0111\u01a1n khi\u1ebfu n\u1ea1i trong th\u1eddi gian lu\u1eadt ph\u00e1p quy \u0111\u1ecbnh. \u0110\u1ec3 bi\u1ebft th\u00eam th\u00f4ng tin, h\u00e3y xem \u201c<a href=\"https:\/\/gaports.com\/vi\/title-vi-and-ada\/\">Th\u1ee7 t\u1ee5c khi\u1ebfu n\u1ea1i\/khi\u1ebfu n\u1ea1i v\u1ec1 ph\u00e2n bi\u1ec7t \u0111\u1ed1i x\u1eed \u0111\u1ed1i v\u1edbi ng\u01b0\u1eddi kh\u00f4ng ph\u1ea3i l\u00e0 nh\u00e2n vi\u00ean c\u1ee7a GPA <\/a>\u201d ho\u1eb7c li\u00ean h\u1ec7 v\u1edbi \u0110i\u1ec1u ph\u1ed1i vi\u00ean kh\u00f4ng ph\u00e2n bi\u1ec7t \u0111\u1ed1i x\u1eed \u0111\u01b0\u1ee3c x\u00e1c \u0111\u1ecbnh b\u00ean d\u01b0\u1edbi.<\/p>\n<p>B\u1ea5t k\u1ef3 c\u00e1 nh\u00e2n n\u00e0o n\u1ed9p \u0111\u01a1n khi\u1ebfu n\u1ea1i ho\u1eb7c l\u00e0m ch\u1ee9ng, h\u1ed7 tr\u1ee3 ho\u1eb7c tham gia v\u00e0o cu\u1ed9c \u0111i\u1ec1u tra, t\u1ed1 t\u1ee5ng ho\u1eb7c \u0111i\u1ec1u tr\u1ea7n kh\u00f4ng ph\u00e2n bi\u1ec7t \u0111\u1ed1i x\u1eed \u0111\u1ec1u kh\u00f4ng b\u1ecb B\u1ed9 \u0111e d\u1ecda ho\u1eb7c tr\u1ea3 th\u00f9 v\u00ec m\u1ee5c \u0111\u00edch can thi\u1ec7p v\u00e0o b\u1ea5t k\u1ef3 quy\u1ec1n ho\u1eb7c \u0111\u1eb7c quy\u1ec1n n\u00e0o \u0111\u01b0\u1ee3c \u0111\u1ea3m b\u1ea3o b\u1edfi B\u1ed9 \u0110\u1ea1o lu\u1eadt D\u00e2n quy\u1ec1n n\u0103m 1964, M\u1ee5c 504 ho\u1eb7c b\u1ea5t k\u1ef3 \u0111\u1ea1o lu\u1eadt d\u00e2n quy\u1ec1n n\u00e0o kh\u00e1c.<\/p>\n<p>&nbsp;<\/p>\n<p class=\"wpcf7-contact-form-not-found\"><strong>Error:<\/strong> Contact form not found.<\/p>\n<p>&nbsp;<\/p>\n"}}],"mega_menu_style":"none"},"yoast_head":"<!-- This site is optimized with the Yoast SEO plugin v27.3 - https:\/\/yoast.com\/product\/yoast-seo-wordpress\/ -->\n<title>M\u1eabu \u0111\u01a1n khi\u1ebfu n\u1ea1i v\u1ec1 ph\u00e2n bi\u1ec7t \u0111\u1ed1i x\u1eed c\u1ee7a ng\u01b0\u1eddi kh\u00f4ng ph\u1ea3i l\u00e0 nh\u00e2n vi\u00ean - Georgia Ports Authority<\/title>\n<meta name=\"robots\" content=\"index, follow, max-snippet:-1, max-image-preview:large, max-video-preview:-1\" \/>\n<link rel=\"canonical\" href=\"https:\/\/gaports.com\/vi\/title-vi-and-ada\/non-employee-discrimination-complaint-form\/\" \/>\n<meta property=\"og:locale\" content=\"vi_VN\" \/>\n<meta property=\"og:type\" content=\"article\" \/>\n<meta property=\"og:title\" content=\"M\u1eabu \u0111\u01a1n khi\u1ebfu n\u1ea1i v\u1ec1 ph\u00e2n bi\u1ec7t \u0111\u1ed1i x\u1eed c\u1ee7a ng\u01b0\u1eddi kh\u00f4ng ph\u1ea3i l\u00e0 nh\u00e2n vi\u00ean - Georgia Ports Authority\" \/>\n<meta property=\"og:description\" content=\"&nbsp; &nbsp;\" \/>\n<meta property=\"og:url\" content=\"https:\/\/gaports.com\/vi\/title-vi-and-ada\/non-employee-discrimination-complaint-form\/\" \/>\n<meta property=\"og:site_name\" content=\"Georgia Ports Authority\" \/>\n<meta property=\"article:modified_time\" content=\"2024-05-31T09:28:17+00:00\" \/>\n<meta name=\"twitter:card\" content=\"summary_large_image\" \/>\n<script type=\"application\/ld+json\" class=\"yoast-schema-graph\">{\"@context\":\"https:\\\/\\\/schema.org\",\"@graph\":[{\"@type\":\"WebPage\",\"@id\":\"https:\\\/\\\/gaports.com\\\/vi\\\/title-vi-and-ada\\\/non-employee-discrimination-complaint-form\\\/\",\"url\":\"https:\\\/\\\/gaports.com\\\/vi\\\/title-vi-and-ada\\\/non-employee-discrimination-complaint-form\\\/\",\"name\":\"M\u1eabu \u0111\u01a1n khi\u1ebfu n\u1ea1i v\u1ec1 ph\u00e2n bi\u1ec7t \u0111\u1ed1i x\u1eed c\u1ee7a ng\u01b0\u1eddi kh\u00f4ng ph\u1ea3i l\u00e0 nh\u00e2n vi\u00ean - Georgia Ports Authority\",\"isPartOf\":{\"@id\":\"https:\\\/\\\/gaports.com\\\/#website\"},\"datePublished\":\"2023-10-31T19:45:11+00:00\",\"dateModified\":\"2024-05-31T09:28:17+00:00\",\"breadcrumb\":{\"@id\":\"https:\\\/\\\/gaports.com\\\/vi\\\/title-vi-and-ada\\\/non-employee-discrimination-complaint-form\\\/#breadcrumb\"},\"inLanguage\":\"vi-VN\",\"potentialAction\":[{\"@type\":\"ReadAction\",\"target\":[\"https:\\\/\\\/gaports.com\\\/vi\\\/title-vi-and-ada\\\/non-employee-discrimination-complaint-form\\\/\"]}]},{\"@type\":\"BreadcrumbList\",\"@id\":\"https:\\\/\\\/gaports.com\\\/vi\\\/title-vi-and-ada\\\/non-employee-discrimination-complaint-form\\\/#breadcrumb\",\"itemListElement\":[{\"@type\":\"ListItem\",\"position\":1,\"name\":\"Home\",\"item\":\"https:\\\/\\\/gaports.com\\\/\"},{\"@type\":\"ListItem\",\"position\":2,\"name\":\"Ti\u00eau \u0111\u1ec1 VI v\u00e0 ADA\",\"item\":\"https:\\\/\\\/gaports.com\\\/vi\\\/title-vi-and-ada\\\/\"},{\"@type\":\"ListItem\",\"position\":3,\"name\":\"M\u1eabu \u0111\u01a1n khi\u1ebfu n\u1ea1i v\u1ec1 ph\u00e2n bi\u1ec7t \u0111\u1ed1i x\u1eed c\u1ee7a ng\u01b0\u1eddi kh\u00f4ng ph\u1ea3i l\u00e0 nh\u00e2n vi\u00ean\"}]},{\"@type\":\"WebSite\",\"@id\":\"https:\\\/\\\/gaports.com\\\/#website\",\"url\":\"https:\\\/\\\/gaports.com\\\/\",\"name\":\"Georgia Ports Authority\",\"description\":\"Georgia Ports Authority official website with details on shipping ports in Georgia, port management, services, facilities, infrastructure, and operations statewide.\",\"potentialAction\":[{\"@type\":\"SearchAction\",\"target\":{\"@type\":\"EntryPoint\",\"urlTemplate\":\"https:\\\/\\\/gaports.com\\\/?s={search_term_string}\"},\"query-input\":{\"@type\":\"PropertyValueSpecification\",\"valueRequired\":true,\"valueName\":\"search_term_string\"}}],\"inLanguage\":\"vi-VN\"}]}<\/script>\n<!-- \/ Yoast SEO plugin. -->","yoast_head_json":{"title":"M\u1eabu \u0111\u01a1n khi\u1ebfu n\u1ea1i v\u1ec1 ph\u00e2n bi\u1ec7t \u0111\u1ed1i x\u1eed c\u1ee7a ng\u01b0\u1eddi kh\u00f4ng ph\u1ea3i l\u00e0 nh\u00e2n vi\u00ean - Georgia Ports Authority","robots":{"index":"index","follow":"follow","max-snippet":"max-snippet:-1","max-image-preview":"max-image-preview:large","max-video-preview":"max-video-preview:-1"},"canonical":"https:\/\/gaports.com\/vi\/title-vi-and-ada\/non-employee-discrimination-complaint-form\/","og_locale":"vi_VN","og_type":"article","og_title":"M\u1eabu \u0111\u01a1n khi\u1ebfu n\u1ea1i v\u1ec1 ph\u00e2n bi\u1ec7t \u0111\u1ed1i x\u1eed c\u1ee7a ng\u01b0\u1eddi kh\u00f4ng ph\u1ea3i l\u00e0 nh\u00e2n vi\u00ean - Georgia Ports Authority","og_description":"&nbsp; &nbsp;","og_url":"https:\/\/gaports.com\/vi\/title-vi-and-ada\/non-employee-discrimination-complaint-form\/","og_site_name":"Georgia Ports Authority","article_modified_time":"2024-05-31T09:28:17+00:00","twitter_card":"summary_large_image","schema":{"@context":"https:\/\/schema.org","@graph":[{"@type":"WebPage","@id":"https:\/\/gaports.com\/vi\/title-vi-and-ada\/non-employee-discrimination-complaint-form\/","url":"https:\/\/gaports.com\/vi\/title-vi-and-ada\/non-employee-discrimination-complaint-form\/","name":"M\u1eabu \u0111\u01a1n khi\u1ebfu n\u1ea1i v\u1ec1 ph\u00e2n bi\u1ec7t \u0111\u1ed1i x\u1eed c\u1ee7a ng\u01b0\u1eddi kh\u00f4ng ph\u1ea3i l\u00e0 nh\u00e2n vi\u00ean - Georgia Ports Authority","isPartOf":{"@id":"https:\/\/gaports.com\/#website"},"datePublished":"2023-10-31T19:45:11+00:00","dateModified":"2024-05-31T09:28:17+00:00","breadcrumb":{"@id":"https:\/\/gaports.com\/vi\/title-vi-and-ada\/non-employee-discrimination-complaint-form\/#breadcrumb"},"inLanguage":"vi-VN","potentialAction":[{"@type":"ReadAction","target":["https:\/\/gaports.com\/vi\/title-vi-and-ada\/non-employee-discrimination-complaint-form\/"]}]},{"@type":"BreadcrumbList","@id":"https:\/\/gaports.com\/vi\/title-vi-and-ada\/non-employee-discrimination-complaint-form\/#breadcrumb","itemListElement":[{"@type":"ListItem","position":1,"name":"Home","item":"https:\/\/gaports.com\/"},{"@type":"ListItem","position":2,"name":"Ti\u00eau \u0111\u1ec1 VI v\u00e0 ADA","item":"https:\/\/gaports.com\/vi\/title-vi-and-ada\/"},{"@type":"ListItem","position":3,"name":"M\u1eabu \u0111\u01a1n khi\u1ebfu n\u1ea1i v\u1ec1 ph\u00e2n bi\u1ec7t \u0111\u1ed1i x\u1eed c\u1ee7a ng\u01b0\u1eddi kh\u00f4ng ph\u1ea3i l\u00e0 nh\u00e2n vi\u00ean"}]},{"@type":"WebSite","@id":"https:\/\/gaports.com\/#website","url":"https:\/\/gaports.com\/","name":"Georgia Ports Authority","description":"Georgia Ports Authority official website with details on shipping ports in Georgia, port management, services, facilities, infrastructure, and operations statewide.","potentialAction":[{"@type":"SearchAction","target":{"@type":"EntryPoint","urlTemplate":"https:\/\/gaports.com\/?s={search_term_string}"},"query-input":{"@type":"PropertyValueSpecification","valueRequired":true,"valueName":"search_term_string"}}],"inLanguage":"vi-VN"}]}},"_links":{"self":[{"href":"https:\/\/gaports.com\/vi\/wp-json\/wp\/v2\/pages\/822058","targetHints":{"allow":["GET"]}}],"collection":[{"href":"https:\/\/gaports.com\/vi\/wp-json\/wp\/v2\/pages"}],"about":[{"href":"https:\/\/gaports.com\/vi\/wp-json\/wp\/v2\/types\/page"}],"author":[{"embeddable":true,"href":"https:\/\/gaports.com\/vi\/wp-json\/wp\/v2\/users\/20"}],"replies":[{"embeddable":true,"href":"https:\/\/gaports.com\/vi\/wp-json\/wp\/v2\/comments?post=822058"}],"version-history":[{"count":0,"href":"https:\/\/gaports.com\/vi\/wp-json\/wp\/v2\/pages\/822058\/revisions"}],"up":[{"embeddable":true,"href":"https:\/\/gaports.com\/vi\/wp-json\/wp\/v2\/pages\/822028"}],"wp:attachment":[{"href":"https:\/\/gaports.com\/vi\/wp-json\/wp\/v2\/media?parent=822058"}],"curies":[{"name":"wp","href":"https:\/\/api.w.org\/{rel}","templated":true}]}}