{"id":55330,"date":"2020-02-14T13:43:51","date_gmt":"2020-02-14T18:43:51","guid":{"rendered":"https:\/\/gaports.com\/equal-opportunity-employer\/"},"modified":"2024-05-31T04:23:15","modified_gmt":"2024-05-31T08:23:15","slug":"equal-opportunity-employer","status":"publish","type":"page","link":"https:\/\/gaports.com\/vi\/equal-opportunity-employer\/","title":{"rendered":"Nh\u00e0 tuy\u1ec3n d\u1ee5ng C\u01a1 h\u1ed9i B\u00ecnh \u0111\u1eb3ng &#8211; Ti\u1ebfng Vi\u1ec7t"},"content":{"rendered":"","protected":false},"excerpt":{"rendered":"","protected":false},"author":6,"featured_media":0,"parent":0,"menu_order":0,"comment_status":"closed","ping_status":"closed","template":"","meta":{"_acf_changed":false,"footnotes":""},"class_list":["post-55330","page","type-page","status-publish","hentry"],"acf":{"blocks":[{"acf_fc_layout":"hero","hero":{"size":"medium","title":"Nh\u00e0 tuy\u1ec3n d\u1ee5ng c\u01a1 h\u1ed9i b\u00ecnh \u0111\u1eb3ng","subtitle":"","background":"image","background_color":"","background_image":{"ID":5521,"id":5521,"title":"American flag for Memorial Day, 4th of July, Labour Day","filename":"84412920_l_FLAG.jpg","filesize":124126,"url":"https:\/\/gaports.com\/wp-content\/uploads\/2019\/11\/84412920_l_FLAG.jpg","link":"https:\/\/gaports.com\/vi\/departments\/human-resources\/american-flag-for-memorial-day-4th-of-july-labour-day-2\/","alt":"American Flag","author":"6","description":"American Flag","caption":"American flag for Memorial Day, 4th of July or Labour Day","name":"american-flag-for-memorial-day-4th-of-july-labour-day-2","status":"inherit","uploaded_to":2874,"date":"2019-11-05 22:06:13","modified":"2019-11-05 22:06:27","menu_order":0,"mime_type":"image\/jpeg","type":"image","subtype":"jpeg","icon":"https:\/\/gaports.com\/wp-includes\/images\/media\/default.png","width":1620,"height":1080,"sizes":{"thumbnail":"https:\/\/gaports.com\/wp-content\/uploads\/2019\/11\/84412920_l_FLAG-150x150.jpg","thumbnail-width":150,"thumbnail-height":150,"medium":"https:\/\/gaports.com\/wp-content\/uploads\/2019\/11\/84412920_l_FLAG-300x200.jpg","medium-width":300,"medium-height":200,"medium_large":"https:\/\/gaports.com\/wp-content\/uploads\/2019\/11\/84412920_l_FLAG-768x512.jpg","medium_large-width":640,"medium_large-height":427,"large":"https:\/\/gaports.com\/wp-content\/uploads\/2019\/11\/84412920_l_FLAG-1024x683.jpg","large-width":640,"large-height":427,"1536x1536":"https:\/\/gaports.com\/wp-content\/uploads\/2019\/11\/84412920_l_FLAG.jpg","1536x1536-width":1536,"1536x1536-height":1024,"2048x2048":"https:\/\/gaports.com\/wp-content\/uploads\/2019\/11\/84412920_l_FLAG.jpg","2048x2048-width":1620,"2048x2048-height":1080}},"background_image_mobile":false,"background_video":false,"subnav_title":"","subnav":"true","subnav_menu":[{"subnav_link":{"title":"T\u1ed5ng quan","url":"https:\/\/gaports.com\/departments\/human-resources\/","target":""}},{"subnav_link":{"title":"L\u1ee3i \u00edch","url":"https:\/\/gaports.com\/departments\/human-resources\/benefits\/","target":""}},{"subnav_link":{"title":"Ph\u00e1t tri\u1ec3n l\u1ef1c l\u01b0\u1ee3ng lao \u0111\u1ed9ng","url":"https:\/\/gaports.com\/departments\/human-resources\/workforce-development\/","target":""}},{"subnav_link":{"title":"\u0110\u1ea1o \u0111\u1ee9c","url":"https:\/\/gaports.com\/departments\/human-resources\/ethics\/","target":""}},{"subnav_link":{"title":"Nh\u00e0 tuy\u1ec3n d\u1ee5ng c\u01a1 h\u1ed9i b\u00ecnh \u0111\u1eb3ng","url":"https:\/\/gaports.com\/departments\/human-resources\/equal-opportunity-employer\/","target":""}},{"subnav_link":{"title":"Ngh\u1ec1 nghi\u1ec7p","url":"https:\/\/recruiting.adp.com\/srccar\/public\/RTI.home?d=GPAExternalCareerSite&_icx=v02bE_OEapffF60O4aD4rfJiUQumRE4bBp4cnu9ljPaAth7%2FOo3NpBWlb4p41dwyF7M&c=2179107&_dissimuloSSO=eGsV73BNrQ4:fBcOlzrFMuuHw6UJ6jxRu-PBY3M","target":""}}],"breadcrumbs":"has-breadcrumbs","breadcrumb_link":{"title":"Ngu\u1ed3n nh\u00e2n l\u1ef1c","url":"https:\/\/gaports.com\/departments\/human-resources\/","target":""},"extended_description":"","button_1":null,"button_2":null}},{"acf_fc_layout":"classic_editor","classic_editor":{"content":"<p>C\u01a1 quan qu\u1ea3n l\u00fd c\u1ea3ng Georgia l\u00e0 m\u1ed9t Nh\u00e0 tuy\u1ec3n d\u1ee5ng C\u01a1 h\u1ed9i B\u00ecnh \u0111\u1eb3ng, v\u00e0 ch\u1ee7ng t\u1ed9c, m\u00e0u da, t\u00f4n gi\u00e1o, gi\u1edbi t\u00ednh, khuynh h\u01b0\u1edbng t\u00ecnh d\u1ee5c, tu\u1ed5i t\u00e1c, ngu\u1ed3n g\u1ed1c qu\u1ed1c gia, khuy\u1ebft t\u1eadt, t\u00ecnh tr\u1ea1ng c\u1ef1u chi\u1ebfn binh, th\u00f4ng tin di truy\u1ec1n, \u0111\u1ea3ng ph\u00e1i ch\u00ednh tr\u1ecb ho\u1eb7c c\u00e1c y\u1ebfu t\u1ed1 kh\u00f4ng x\u1ee9ng \u0111\u00e1ng kh\u00e1c kh\u00f4ng ph\u1ea3i l\u00e0 vi\u1ec7c xem x\u00e9t vi\u1ec7c l\u00e0m, th\u0103ng ch\u1ee9c, thuy\u00ean chuy\u1ec3n, gi\u00e1ng ch\u1ee9c, \u0111\u1ed1i x\u1eed trong c\u00f4ng vi\u1ec7c, tr\u1ea3 l\u01b0\u01a1ng ho\u1eb7c b\u1ed3i th\u01b0\u1eddng, ph\u00fac l\u1ee3i, \u0111\u00e0o t\u1ea1o, k\u1ef7 lu\u1eadt, sa th\u1ea3i ho\u1eb7c ch\u1ea5m d\u1ee9t kh\u00e1c. Gi\u00e1m \u0111\u1ed1c Nh\u00e2n s\u1ef1 \u0111\u01b0\u1ee3c ch\u1ec9 \u0111\u1ecbnh l\u00e0 Ng\u01b0\u1eddi qu\u1ea3n l\u00fd C\u01a1 h\u1ed9i Vi\u1ec7c l\u00e0m B\u00ecnh \u0111\u1eb3ng.<\/p>\n"}}],"mega_menu_style":"none"},"yoast_head":"<!-- This site is optimized with the Yoast SEO plugin v27.3 - https:\/\/yoast.com\/product\/yoast-seo-wordpress\/ -->\n<title>Nh\u00e0 tuy\u1ec3n d\u1ee5ng C\u01a1 h\u1ed9i B\u00ecnh \u0111\u1eb3ng - Ti\u1ebfng Vi\u1ec7t - Georgia Ports Authority<\/title>\n<meta name=\"robots\" content=\"index, follow, max-snippet:-1, max-image-preview:large, max-video-preview:-1\" \/>\n<link rel=\"canonical\" href=\"https:\/\/gaports.com\/vi\/equal-opportunity-employer\/\" \/>\n<meta property=\"og:locale\" content=\"vi_VN\" \/>\n<meta property=\"og:type\" content=\"article\" \/>\n<meta property=\"og:title\" content=\"Nh\u00e0 tuy\u1ec3n d\u1ee5ng C\u01a1 h\u1ed9i B\u00ecnh \u0111\u1eb3ng - Ti\u1ebfng Vi\u1ec7t - Georgia Ports Authority\" \/>\n<meta property=\"og:url\" content=\"https:\/\/gaports.com\/vi\/equal-opportunity-employer\/\" \/>\n<meta property=\"og:site_name\" content=\"Georgia Ports Authority\" \/>\n<meta property=\"article:modified_time\" content=\"2024-05-31T08:23:15+00:00\" \/>\n<meta name=\"twitter:card\" content=\"summary_large_image\" \/>\n<script type=\"application\/ld+json\" class=\"yoast-schema-graph\">{\"@context\":\"https:\\\/\\\/schema.org\",\"@graph\":[{\"@type\":\"WebPage\",\"@id\":\"https:\\\/\\\/gaports.com\\\/vi\\\/equal-opportunity-employer\\\/\",\"url\":\"https:\\\/\\\/gaports.com\\\/vi\\\/equal-opportunity-employer\\\/\",\"name\":\"Nh\u00e0 tuy\u1ec3n d\u1ee5ng C\u01a1 h\u1ed9i B\u00ecnh \u0111\u1eb3ng - Ti\u1ebfng Vi\u1ec7t - Georgia Ports Authority\",\"isPartOf\":{\"@id\":\"https:\\\/\\\/gaports.com\\\/#website\"},\"datePublished\":\"2020-02-14T18:43:51+00:00\",\"dateModified\":\"2024-05-31T08:23:15+00:00\",\"breadcrumb\":{\"@id\":\"https:\\\/\\\/gaports.com\\\/vi\\\/equal-opportunity-employer\\\/#breadcrumb\"},\"inLanguage\":\"vi-VN\",\"potentialAction\":[{\"@type\":\"ReadAction\",\"target\":[\"https:\\\/\\\/gaports.com\\\/vi\\\/equal-opportunity-employer\\\/\"]}]},{\"@type\":\"BreadcrumbList\",\"@id\":\"https:\\\/\\\/gaports.com\\\/vi\\\/equal-opportunity-employer\\\/#breadcrumb\",\"itemListElement\":[{\"@type\":\"ListItem\",\"position\":1,\"name\":\"Home\",\"item\":\"https:\\\/\\\/gaports.com\\\/\"},{\"@type\":\"ListItem\",\"position\":2,\"name\":\"Nh\u00e0 tuy\u1ec3n d\u1ee5ng C\u01a1 h\u1ed9i B\u00ecnh \u0111\u1eb3ng &#8211; Ti\u1ebfng Vi\u1ec7t\"}]},{\"@type\":\"WebSite\",\"@id\":\"https:\\\/\\\/gaports.com\\\/#website\",\"url\":\"https:\\\/\\\/gaports.com\\\/\",\"name\":\"Georgia Ports Authority\",\"description\":\"Georgia Ports Authority official website with details on shipping ports in Georgia, port management, services, facilities, infrastructure, and operations statewide.\",\"potentialAction\":[{\"@type\":\"SearchAction\",\"target\":{\"@type\":\"EntryPoint\",\"urlTemplate\":\"https:\\\/\\\/gaports.com\\\/?s={search_term_string}\"},\"query-input\":{\"@type\":\"PropertyValueSpecification\",\"valueRequired\":true,\"valueName\":\"search_term_string\"}}],\"inLanguage\":\"vi-VN\"}]}<\/script>\n<!-- \/ Yoast SEO plugin. -->","yoast_head_json":{"title":"Nh\u00e0 tuy\u1ec3n d\u1ee5ng C\u01a1 h\u1ed9i B\u00ecnh \u0111\u1eb3ng - Ti\u1ebfng Vi\u1ec7t - Georgia Ports Authority","robots":{"index":"index","follow":"follow","max-snippet":"max-snippet:-1","max-image-preview":"max-image-preview:large","max-video-preview":"max-video-preview:-1"},"canonical":"https:\/\/gaports.com\/vi\/equal-opportunity-employer\/","og_locale":"vi_VN","og_type":"article","og_title":"Nh\u00e0 tuy\u1ec3n d\u1ee5ng C\u01a1 h\u1ed9i B\u00ecnh \u0111\u1eb3ng - Ti\u1ebfng Vi\u1ec7t - Georgia Ports Authority","og_url":"https:\/\/gaports.com\/vi\/equal-opportunity-employer\/","og_site_name":"Georgia Ports Authority","article_modified_time":"2024-05-31T08:23:15+00:00","twitter_card":"summary_large_image","schema":{"@context":"https:\/\/schema.org","@graph":[{"@type":"WebPage","@id":"https:\/\/gaports.com\/vi\/equal-opportunity-employer\/","url":"https:\/\/gaports.com\/vi\/equal-opportunity-employer\/","name":"Nh\u00e0 tuy\u1ec3n d\u1ee5ng C\u01a1 h\u1ed9i B\u00ecnh \u0111\u1eb3ng - Ti\u1ebfng Vi\u1ec7t - Georgia Ports Authority","isPartOf":{"@id":"https:\/\/gaports.com\/#website"},"datePublished":"2020-02-14T18:43:51+00:00","dateModified":"2024-05-31T08:23:15+00:00","breadcrumb":{"@id":"https:\/\/gaports.com\/vi\/equal-opportunity-employer\/#breadcrumb"},"inLanguage":"vi-VN","potentialAction":[{"@type":"ReadAction","target":["https:\/\/gaports.com\/vi\/equal-opportunity-employer\/"]}]},{"@type":"BreadcrumbList","@id":"https:\/\/gaports.com\/vi\/equal-opportunity-employer\/#breadcrumb","itemListElement":[{"@type":"ListItem","position":1,"name":"Home","item":"https:\/\/gaports.com\/"},{"@type":"ListItem","position":2,"name":"Nh\u00e0 tuy\u1ec3n d\u1ee5ng C\u01a1 h\u1ed9i B\u00ecnh \u0111\u1eb3ng &#8211; Ti\u1ebfng Vi\u1ec7t"}]},{"@type":"WebSite","@id":"https:\/\/gaports.com\/#website","url":"https:\/\/gaports.com\/","name":"Georgia Ports Authority","description":"Georgia Ports Authority official website with details on shipping ports in Georgia, port management, services, facilities, infrastructure, and operations statewide.","potentialAction":[{"@type":"SearchAction","target":{"@type":"EntryPoint","urlTemplate":"https:\/\/gaports.com\/?s={search_term_string}"},"query-input":{"@type":"PropertyValueSpecification","valueRequired":true,"valueName":"search_term_string"}}],"inLanguage":"vi-VN"}]}},"_links":{"self":[{"href":"https:\/\/gaports.com\/vi\/wp-json\/wp\/v2\/pages\/55330","targetHints":{"allow":["GET"]}}],"collection":[{"href":"https:\/\/gaports.com\/vi\/wp-json\/wp\/v2\/pages"}],"about":[{"href":"https:\/\/gaports.com\/vi\/wp-json\/wp\/v2\/types\/page"}],"author":[{"embeddable":true,"href":"https:\/\/gaports.com\/vi\/wp-json\/wp\/v2\/users\/6"}],"replies":[{"embeddable":true,"href":"https:\/\/gaports.com\/vi\/wp-json\/wp\/v2\/comments?post=55330"}],"version-history":[{"count":0,"href":"https:\/\/gaports.com\/vi\/wp-json\/wp\/v2\/pages\/55330\/revisions"}],"wp:attachment":[{"href":"https:\/\/gaports.com\/vi\/wp-json\/wp\/v2\/media?parent=55330"}],"curies":[{"name":"wp","href":"https:\/\/api.w.org\/{rel}","templated":true}]}}