{"id":822021,"date":"2023-10-30T11:38:59","date_gmt":"2023-10-30T15:38:59","guid":{"rendered":"https:\/\/gaports.com\/equal-opportunity-employer\/procedure-for-non-employee-discrimination-complaints-grievances\/"},"modified":"2024-07-01T04:59:13","modified_gmt":"2024-07-01T08:59:13","slug":"title-vi-and-ada","status":"publish","type":"page","link":"https:\/\/gaports.com\/pt-br\/title-vi-and-ada\/","title":{"rendered":"T\u00edtulo VI e ADA"},"content":{"rendered":"<p>&nbsp;<\/p>\n<p>&nbsp;<\/p>\n","protected":false},"excerpt":{"rendered":"<p>&nbsp; &nbsp;<\/p>\n","protected":false},"author":20,"featured_media":0,"parent":0,"menu_order":0,"comment_status":"closed","ping_status":"closed","template":"","meta":{"_acf_changed":false,"footnotes":""},"class_list":["post-822021","page","type-page","status-publish","hentry"],"acf":{"blocks":[{"acf_fc_layout":"hero","hero":{"size":"medium","title":"T\u00edtulo VI e ADA","subtitle":"","background":"image","background_color":"","background_image":{"ID":823395,"id":823395,"title":"flag","filename":"flag-7.jpg","filesize":124126,"url":"https:\/\/gaports.com\/wp-content\/uploads\/2023\/12\/flag-7.jpg","link":"https:\/\/gaports.com\/pt-br\/equal-opportunity-employer\/flag\/","alt":"","author":"20","description":"","caption":"","name":"flag","status":"inherit","uploaded_to":55328,"date":"2023-12-06 14:26:24","modified":"2023-12-06 14:26:24","menu_order":0,"mime_type":"image\/jpeg","type":"image","subtype":"jpeg","icon":"https:\/\/gaports.com\/wp-includes\/images\/media\/default.png","width":1620,"height":1080,"sizes":{"thumbnail":"https:\/\/gaports.com\/wp-content\/uploads\/2023\/12\/flag-7-150x150.jpg","thumbnail-width":150,"thumbnail-height":150,"medium":"https:\/\/gaports.com\/wp-content\/uploads\/2023\/12\/flag-7-1024x683.jpg","medium-width":1024,"medium-height":683,"medium_large":"https:\/\/gaports.com\/wp-content\/uploads\/2023\/12\/flag-7-768x512.jpg","medium_large-width":640,"medium_large-height":427,"large":"https:\/\/gaports.com\/wp-content\/uploads\/2023\/12\/flag-7.jpg","large-width":640,"large-height":427,"1536x1536":"https:\/\/gaports.com\/wp-content\/uploads\/2023\/12\/flag-7-1536x1024.jpg","1536x1536-width":1536,"1536x1536-height":1024,"2048x2048":"https:\/\/gaports.com\/wp-content\/uploads\/2023\/12\/flag-7-2048x1366.jpg","2048x2048-width":2048,"2048x2048-height":1366}},"background_image_mobile":false,"background_video":false,"subnav_title":"","subnav":"true","subnav_menu":[{"subnav_link":{"title":"Vis\u00e3o geral","url":"https:\/\/gaports.com\/departments\/human-resources\/","target":""}},{"subnav_link":{"title":"Benef\u00edcios","url":"https:\/\/gaports.com\/departments\/human-resources\/benefits\/","target":""}},{"subnav_link":{"title":"Desenvolvimento da for\u00e7a de trabalho","url":"https:\/\/gaports.com\/departments\/human-resources\/workforce-development\/","target":""}},{"subnav_link":{"title":"\u00c9tica","url":"https:\/\/gaports.com\/departments\/human-resources\/ethics\/","target":""}},{"subnav_link":{"title":"Empregador com igualdade de oportunidades","url":"https:\/\/gaports.com\/departments\/human-resources\/equal-opportunity-employer\/","target":""}},{"subnav_link":{"title":"Carreiras","url":"https:\/\/recruiting.adp.com\/srccar\/public\/RTI.home?d=GPAExternalCareerSite&_icx=v02bE_OEapffF60O4aD4rfJiUQumRE4bBp4cnu9ljPaAth7%2FOo3NpBWlb4p41dwyF7M&c=2179107&_dissimuloSSO=eGsV73BNrQ4:fBcOlzrFMuuHw6UJ6jxRu-PBY3M","target":""}}],"breadcrumbs":"has-breadcrumbs","breadcrumb_link":{"title":"Recursos Humanos","url":"https:\/\/gaports.com\/departments\/human-resources\/","target":""},"extended_description":"","button_1":null,"button_2":null}},{"acf_fc_layout":"classic_editor","classic_editor":{"content":"<p><strong>Tradu\u00e7\u00f5es de idiomas no local s\u00e3o oferecidas pela Language Line Services, LLC.<\/strong><\/p>\n<p><a href=\"https:\/\/gaports.com\/pt-br\/title-vi-and-ada\/non-employee-discrimination-complaint-form\/\" data-turbolinks=\"false\" data-uw-rm-brl=\"PR\" data-uw-original-href=\"https:\/\/gaports.com\/departments\/human-resources\/equal-opportunity-employer\/non-employee-discrimination-complaint-form\/\">Formul\u00e1rio de Reclama\u00e7\u00e3o de N\u00e3o Discrimina\u00e7\u00e3o<\/a><\/p>\n<p><a href=\"\/wp-content\/uploads\/2024\/07\/Non-Employee-Discrimination-Complaint-Form-05202024pt-BR.pdf\" target=\"_blank\" rel=\"noopener\" data-turbolinks=\"false\" data-uw-rm-brl=\"PR\" data-uw-original-href=\"https:\/\/gaports.com\/departments\/human-resources\/equal-opportunity-employer\/non-employee-discrimination-complaint-form\/\">Formul\u00e1rio PDF de n\u00e3o discrimina\u00e7\u00e3o<\/a><\/p>\n<p>Para queixas de discrimina\u00e7\u00e3o contra n\u00e3o funcion\u00e1rios, consulte os procedimentos de queixa abaixo.<\/p>\n<p>A Georgia Ports Authority (GPA) cumpre todas as leis e regulamentos aplic\u00e1veis e n\u00e3o discrimina com base em ra\u00e7a, cor, origem nacional, defici\u00eancia, idade ou sexo na administra\u00e7\u00e3o de seus programas ou atividades. O GPA \u00e9 respons\u00e1vel pela coordena\u00e7\u00e3o dos esfor\u00e7os de conformidade e recebimento de consultas relativas aos requisitos de n\u00e3o discrimina\u00e7\u00e3o do T\u00edtulo VI da Lei dos Direitos Civis de 1964, conforme alterada; Artigo 504 da Lei de Reabilita\u00e7\u00e3o de 1973; a Lei de Discrimina\u00e7\u00e3o por Idade de 1975; T\u00edtulo IX das Emendas \u00e0 Educa\u00e7\u00e3o de 1972; T\u00edtulo II da Lei dos Americanos com Defici\u00eancia de 1990; e outras leis federais de n\u00e3o-discrimina\u00e7\u00e3o aplic\u00e1veis, incluindo, mas n\u00e3o se limitando a, Se\u00e7\u00e3o 13 das Emendas da Lei Federal de Controle da Polui\u00e7\u00e3o da \u00c1gua de 1972, e 40 C.F.R. Partes 5 e 7 (doravante denominadas coletivamente como leis federais de n\u00e3o discrimina\u00e7\u00e3o).<\/p>\n<p>Este documento descreve os procedimentos de reclama\u00e7\u00e3o para n\u00e3o funcion\u00e1rios relacionados \u00e0 presta\u00e7\u00e3o de programas e servi\u00e7os do GPA. (Os procedimentos do GPA para que os funcion\u00e1rios reclamem sobre assuntos relacionados ao emprego s\u00e3o declarados em uma pol\u00edtica separada). O Coordenador de N\u00e3o Discrimina\u00e7\u00e3o do GPA (listado abaixo) ser\u00e1 respons\u00e1vel pela coordena\u00e7\u00e3o e supervis\u00e3o das leis federais de n\u00e3o discrimina\u00e7\u00e3o. O Coordenador de N\u00e3o Discrimina\u00e7\u00e3o e\/ou seu designado receber\u00e1 e analisar\u00e1 reclama\u00e7\u00f5es, se comunicar\u00e1 com os reclamantes, investigar\u00e1 reclama\u00e7\u00f5es ou providenciar\u00e1 a investiga\u00e7\u00e3o de reclama\u00e7\u00f5es, emitir\u00e1 cartas e avisos e executar\u00e1 outras a\u00e7\u00f5es necess\u00e1rias para cumprir as obriga\u00e7\u00f5es do GPA sob as leis federais de n\u00e3o discrimina\u00e7\u00e3o.<\/p>\n<ul style=\"list-style-type: none;\">\n<li style=\"text-align: center;\">Tiphani Lima<\/li>\n<li style=\"text-align: center;\">Coordenador de N\u00e3o Discrimina\u00e7\u00e3o<\/li>\n<li style=\"text-align: center;\">Rua Principal 82<\/li>\n<li style=\"text-align: center;\">Cidade Jardim, Ge\u00f3rgia 31408<\/li>\n<li style=\"text-align: center;\"><a href=\"mailto:Tlee@gaports.com\"><span class=\"s1\">Tlee@gaports.com<\/span><\/a><\/li>\n<li style=\"text-align: center;\">(912) 963-5569<\/li>\n<li>\u00a0<\/li>\n<\/ul>\n<p>Qualquer pessoa que acredite ter sido discriminada em rela\u00e7\u00e3o a um programa ou atividade do GPA pode apresentar uma reclama\u00e7\u00e3o usando os procedimentos abaixo. Uma investiga\u00e7\u00e3o apropriada, r\u00e1pida e imparcial das alega\u00e7\u00f5es apresentadas ser\u00e1 conduzida.<\/p>\n<p>Qualquer indiv\u00edduo que apresente uma queixa ou testemunhe, auxilie ou participe de uma investiga\u00e7\u00e3o, processo ou audi\u00eancia de discrimina\u00e7\u00e3o n\u00e3o pode ser intimidado ou retaliado pelo GPA ou seus funcion\u00e1rios com o prop\u00f3sito de interferir com qualquer direito ou privil\u00e9gio garantido por lei, incluindo a Lei de Direitos Civis de 1964, a Se\u00e7\u00e3o 504 ou outros estatutos de direitos civis, ou pelo GPA.<\/p>\n<p>Os procedimentos do GPA para reclama\u00e7\u00f5es de discrimina\u00e7\u00e3o de n\u00e3o funcion\u00e1rios e reclama\u00e7\u00f5es de retalia\u00e7\u00e3o s\u00e3o os seguintes:<\/p>\n<ol class=\"ol1\">\n<li class=\"li9\">Qualquer pessoa que acredite ter sido v\u00edtima de discrimina\u00e7\u00e3o pode apresentar uma queixa por escrito ao Coordenador de N\u00e3o Discrimina\u00e7\u00e3o do GPA.\n<ol class=\"ol2\" style=\"list-style-type: lower-alpha;\">\n<li class=\"li9\">Os reclamantes tamb\u00e9m t\u00eam o direito de reclamar diretamente \u00e0 ag\u00eancia federal ou outra ag\u00eancia governamental apropriada; no entanto, o reclamante deve faz\u00ea-lo dentro do prazo previsto em lei.<\/li>\n<\/ol>\n<\/li>\n<li class=\"li9\">O queixoso pode descarregar o formul\u00e1rio de queixa em <a href=\"https:\/\/www.gaports.com\/\">www.gaports.com <\/a>ou solicitar o formul\u00e1rio de queixa ao Coordenador de N\u00e3o Discrimina\u00e7\u00e3o. Em vez do formul\u00e1rio de reclama\u00e7\u00e3o, o queixoso pode apresentar ao Coordenador de N\u00e3o Discrimina\u00e7\u00e3o uma declara\u00e7\u00e3o escrita que contenha todas as informa\u00e7\u00f5es identificadas nas sec\u00e7\u00f5es 3a a 3f infra.<\/li>\n<li class=\"li10\">A queixa deve incluir as seguintes informa\u00e7\u00f5es, se conhecidas:\n<ol class=\"ol2\" style=\"list-style-type: lower-alpha;\">\n<li class=\"li11\">Nome, endere\u00e7o e telefone do reclamante.<\/li>\n<li class=\"li12\">A base da suposta discrimina\u00e7\u00e3o (ou seja, ra\u00e7a, cor, nacionalidade, sexo, idade ou defici\u00eancia).<\/li>\n<li class=\"li13\">A data ou datas em que o alegado evento ou eventos discriminat\u00f3rios ocorreram.<\/li>\n<li class=\"li9\">Descri\u00e7\u00e3o do alegado incidente, incluindo o que levou o queixoso a sentir discrimina\u00e7\u00e3o foi um fator.<\/li>\n<li class=\"li9\">Nomes, endere\u00e7os e telefones de pessoas que possam ter conhecimento do evento.<\/li>\n<li class=\"li9\">Se uma reclama\u00e7\u00e3o tiver sido apresentada a uma ag\u00eancia ou tribunal, \u00e0 ag\u00eancia ou tribunal onde foi apresentada e ao nome do contacto.<\/li>\n<li class=\"li14\">Assinatura e data do reclamante.<\/li>\n<\/ol>\n<\/li>\n<li>Se o queixoso n\u00e3o puder apresentar um formul\u00e1rio de queixa ou uma queixa por escrito, o Coordenador de N\u00e3o Discrimina\u00e7\u00e3o deve ser contactado.\n<ol class=\"ol2\">\n<li class=\"li12\">O GPA far\u00e1 adapta\u00e7\u00f5es razo\u00e1veis em suas pol\u00edticas e procedimentos que s\u00e3o necess\u00e1rios para permitir que uma pessoa com defici\u00eancia tenha acesso total ao processo de den\u00fancia, apresenta\u00e7\u00e3o e investiga\u00e7\u00e3o. Tais acomoda\u00e7\u00f5es podem incluir, mas n\u00e3o se limitam a, letras grandes, Braille, fita de \u00e1udio ou auxiliar o reclamante na prepara\u00e7\u00e3o de sua reclama\u00e7\u00e3o por escrito. Qualquer pessoa que necessite de tal acomoda\u00e7\u00e3o pode entrar em contato com o Coordenador de N\u00e3o Discrimina\u00e7\u00e3o pelos melhores meios dispon\u00edveis.<\/li>\n<li><span class=\"s11\">Se o ingl\u00eas n\u00e3o for o seu idioma principal e voc\u00ea tiver dificuldade em se comunicar efetivamente em ingl\u00eas, talvez seja necess\u00e1rio um int\u00e9rprete ou tradu\u00e7\u00e3o de documentos para ter acesso significativo \u00e0 Autoridade Portu\u00e1ria da Ge\u00f3rgia. Se voc\u00ea precisar de acomoda\u00e7\u00f5es com base na profici\u00eancia no idioma, entre em contato com o Coordenador de N\u00e3o Discrimina\u00e7\u00e3o por telefone ou e-mail para que recursos possam ser fornecidos para permitir uma comunica\u00e7\u00e3o suficiente. A tradu\u00e7\u00e3o de documentos ser\u00e1 fornecida on-line por meio da ferramenta de tradu\u00e7\u00e3o. S\u00e3o fornecidas v\u00e1rias ofertas lingu\u00edsticas do Documento de Procedimento para Queixas\/Queixas de Discrimina\u00e7\u00e3o de N\u00e3o Funcion\u00e1rios. Se o seu idioma n\u00e3o estiver inclu\u00eddo entre eles, entre em contato com o Coordenador de N\u00e3o Discrimina\u00e7\u00e3o. Para aqueles que podem solicitar uma reuni\u00e3o presencial ou por telefone: Mediante solicita\u00e7\u00e3o, um tradutor ser\u00e1 fornecido a qualquer indiv\u00edduo com profici\u00eancia limitada em ingl\u00eas (LEP). Os servi\u00e7os de tradu\u00e7\u00e3o ser\u00e3o prestados pessoalmente e por telefone. A Autoridade Portu\u00e1ria da Ge\u00f3rgia far\u00e1 todos os esfor\u00e7os para acomodar o maior n\u00famero poss\u00edvel de indiv\u00edduos LEP a qualquer momento, no entanto, pode haver limita\u00e7\u00f5es com base na disponibilidade de tradutores.<\/span><\/li>\n<li>A Autoridade Portu\u00e1ria da Ge\u00f3rgia far\u00e1 todos os esfor\u00e7os para fornecer tradu\u00e7\u00e3o adequada \u00e0queles que visitarem. Nossas tradu\u00e7\u00f5es de idiomas regularmente oferecidas incluem espanhol, mandarim, tagalo, franc\u00eas, alem\u00e3o, hindi, japon\u00eas, coreano, portugu\u00eas e vietnamita. Esses idiomas servem a maioria dos idiomas prim\u00e1rios falados, al\u00e9m do ingl\u00eas, nos Estados Unidos.\n<ol style=\"list-style-type: lower-alpha;\">\n<li style=\"list-style-type: none;\">\n<ol>\n<li>Um passo importante para entender o perfil dos indiv\u00edduos que poderiam participar dos servi\u00e7os oferecidos pela Georgia Ports \u00e9 uma revis\u00e3o dos dados do Censo. De acordo com o US Census Bureau, o programa de assist\u00eancia GPA LEP permitir\u00e1 uma melhor comunica\u00e7\u00e3o com cerca de 26.452.847 cidad\u00e3os que falam ingl\u00eas como segunda l\u00edngua categorizada como &#8220;menos do que muito bem&#8221; nos Estados Unidos.<\/li>\n<li>Mais especificamente ao Condado de Chatham e \u00e0 \u00e1rea metropolitana de Savannah, dos 260.239 habitantes totais do Condado de Chatham, 23.824 falam outras l\u00ednguas al\u00e9m do ingl\u00eas. Desses 23.824 cidad\u00e3os, 9.560 s\u00e3o categorizados como falando ingl\u00eas, &#8220;Menos do que muito bem&#8221;. Das primeiras l\u00ednguas com o n\u00famero mais robusto de indiv\u00edduos LEP, o espanhol \u00e9 o mais comum, com cerca de 2,2% da popula\u00e7\u00e3o total. O vietnamita \u00e9 o<sup>2\u00ba<\/sup> mais populoso com cerca de 0,24%, seguido pelo chin\u00eas com 0,21%, hindi com 0,14% e coreano com 0,12%.<\/li>\n<\/ol>\n<p>&nbsp;<\/p>\n<p><a href=\"https:\/\/data.census.gov\/table?q=B16001&amp;y=2022\">B16001 &#8211; Tabelas dos Servi\u00e7os de Censos<\/a><\/p>\n<p><a href=\"https:\/\/data.census.gov\/table\/ACSDT5Y2015.B16001?q=B16001&amp;g=050XX00US13051\">B16001: L\u00cdNGUA FALADA EM CASA POR &#8230; &#8211; Tabela do Censo<\/a><\/p>\n<\/li>\n<\/ol>\n<p>&nbsp;<\/p>\n<\/li>\n<\/ol>\n<\/li>\n<li>Uma vez apresentada uma reclama\u00e7\u00e3o, uma carta de confirma\u00e7\u00e3o ser\u00e1 emitida ao reclamante dentro de cinco (5) dias \u00fateis.<\/li>\n<li>O GPA investigar\u00e1 a den\u00fancia prontamente e se esfor\u00e7ar\u00e1 para concluir a investiga\u00e7\u00e3o dentro de 60 dias, mas pode levar mais tempo quando necess\u00e1rio. Se forem necess\u00e1rias mais informa\u00e7\u00f5es para resolver o caso, o Coordenador de N\u00e3o Discrimina\u00e7\u00e3o pode contactar o queixoso, que deve, sempre que poss\u00edvel, responder no prazo de sete dias, ou qualquer outro prazo razo\u00e1vel especificado pelo GPA. A n\u00e3o presta\u00e7\u00e3o imediata das informa\u00e7\u00f5es solicitadas pode resultar na improced\u00eancia da den\u00fancia ou no encerramento da investiga\u00e7\u00e3o. Um processo tamb\u00e9m pode ser encerrado administrativamente se o queixoso j\u00e1 n\u00e3o quiser prosseguir com o seu caso.<\/li>\n<li>Na conclus\u00e3o da investiga\u00e7\u00e3o, o GPA notificar\u00e1 o queixoso do resultado da investiga\u00e7\u00e3o.<\/li>\n<li>Caso o reclamante deseje recorrer da decis\u00e3o, disp\u00f5e de 10 (dez) dias ap\u00f3s a data da notifica\u00e7\u00e3o do resultado. para faz\u00ea-lo. Os recursos devem ser feitos e decididos pelo Diretor de Recursos Humanos do GPA.<\/li>\n<\/ol>\n<p>O Coordenador de N\u00e3o Discrimina\u00e7\u00e3o pode tentar conciliar e resolver a queixa atrav\u00e9s de uma solu\u00e7\u00e3o mutuamente acordada. Qualquer resolu\u00e7\u00e3o informal deve ser assinada pelo Diretor de Recursos Humanos do GPA e pelo reclamante.<\/p>\n<p>Todas as reclama\u00e7\u00f5es por escrito recebidas pelo Coordenador de N\u00e3o Discrimina\u00e7\u00e3o, apelos ao Diretor de Recursos Humanos e respostas desses dois indiv\u00edduos ser\u00e3o retidas pelo GPA por pelo menos tr\u00eas (3) anos.<\/p>\n<p>Estes procedimentos n\u00e3o limitam nem negam o direito do queixoso de apresentar uma queixa formal junto de uma ag\u00eancia de execu\u00e7\u00e3o externa. Al\u00e9m dos procedimentos acima, qualquer pessoa que se sinta discriminada em rela\u00e7\u00e3o a um programa ou atividade do GPA pode entrar em contato com o \u00f3rg\u00e3o federal apropriado.<\/p>\n<p>Se um indiv\u00edduo que foi aprovado para acesso ao GPA desejar acessar o campus ou terminal da Autoridade Portu\u00e1ria da Ge\u00f3rgia para qualquer atividade externa exigir\u00e1 uma acomoda\u00e7\u00e3o razo\u00e1vel, entre em contato com o Coordenador de N\u00e3o Discrimina\u00e7\u00e3o.<\/p>\n<ol class=\"ol1\">\n<li class=\"li8\">Os pedidos de adapta\u00e7\u00e3o razo\u00e1vel ser\u00e3o respondidos caso a caso.<\/li>\n<li class=\"li8\">Qualquer pedido de acomoda\u00e7\u00e3o razo\u00e1vel recebido por telefone ou e-mail ser\u00e1 reconhecido dentro de 5 dias \u00fateis por e-mail ou por telefone.<\/li>\n<li class=\"li8\">Uma vez feitas as acomoda\u00e7\u00f5es, o benefici\u00e1rio ser\u00e1 notificado para confirmar se a acomoda\u00e7\u00e3o se adequar\u00e1 \u00e0s necessidades de suas limita\u00e7\u00f5es.<\/li>\n<li class=\"li8\">Acomoda\u00e7\u00f5es provis\u00f3rias ser\u00e3o feitas se quaisquer solu\u00e7\u00f5es de longo prazo n\u00e3o puderem ser feitas imediatamente.<\/li>\n<li class=\"li8\">Os registros das solicita\u00e7\u00f5es e acomoda\u00e7\u00f5es subsequentes ser\u00e3o mantidos em registro com os recursos humanos do GPA.<\/li>\n<li class=\"li9\">Para uma defini\u00e7\u00e3o de limita\u00e7\u00f5es e acomoda\u00e7\u00f5es, visite <a href=\"https:\/\/www.dol.gov\/agencies\/odep\/program-areas\/employers\/accommodations\"> <span class=\"s12\">Acomoda\u00e7\u00f5es | Departamento do Trabalho dos EUA (dol.gov)<\/span> <\/a><\/li>\n<\/ol>\n"}}],"mega_menu_style":"none"},"yoast_head":"<!-- This site is optimized with the Yoast SEO plugin v27.3 - https:\/\/yoast.com\/product\/yoast-seo-wordpress\/ -->\n<title>T\u00edtulo VI e ADA - Georgia Ports Authority<\/title>\n<meta name=\"robots\" content=\"index, follow, max-snippet:-1, max-image-preview:large, max-video-preview:-1\" \/>\n<link rel=\"canonical\" href=\"https:\/\/gaports.com\/pt-br\/title-vi-and-ada\/\" \/>\n<meta property=\"og:locale\" content=\"pt_BR\" \/>\n<meta property=\"og:type\" content=\"article\" \/>\n<meta property=\"og:title\" content=\"T\u00edtulo VI e ADA - Georgia Ports Authority\" \/>\n<meta property=\"og:description\" content=\"Procedimento para Reclama\u00e7\u00f5es\/Queixas de Discrimina\u00e7\u00e3o de N\u00e3o Empregados\" \/>\n<meta property=\"og:url\" content=\"https:\/\/gaports.com\/pt-br\/title-vi-and-ada\/\" \/>\n<meta property=\"og:site_name\" content=\"Georgia Ports Authority\" \/>\n<meta property=\"article:modified_time\" content=\"2024-07-01T08:59:13+00:00\" \/>\n<meta name=\"twitter:card\" content=\"summary_large_image\" \/>\n<script type=\"application\/ld+json\" class=\"yoast-schema-graph\">{\"@context\":\"https:\\\/\\\/schema.org\",\"@graph\":[{\"@type\":\"WebPage\",\"@id\":\"https:\\\/\\\/gaports.com\\\/pt-br\\\/title-vi-and-ada\\\/\",\"url\":\"https:\\\/\\\/gaports.com\\\/pt-br\\\/title-vi-and-ada\\\/\",\"name\":\"T\u00edtulo VI e ADA - Georgia Ports Authority\",\"isPartOf\":{\"@id\":\"https:\\\/\\\/gaports.com\\\/#website\"},\"datePublished\":\"2023-10-30T15:38:59+00:00\",\"dateModified\":\"2024-07-01T08:59:13+00:00\",\"description\":\"Procedimento para Reclama\u00e7\u00f5es\\\/Queixas de Discrimina\u00e7\u00e3o de N\u00e3o Empregados\",\"breadcrumb\":{\"@id\":\"https:\\\/\\\/gaports.com\\\/pt-br\\\/title-vi-and-ada\\\/#breadcrumb\"},\"inLanguage\":\"pt-BR\",\"potentialAction\":[{\"@type\":\"ReadAction\",\"target\":[\"https:\\\/\\\/gaports.com\\\/pt-br\\\/title-vi-and-ada\\\/\"]}]},{\"@type\":\"BreadcrumbList\",\"@id\":\"https:\\\/\\\/gaports.com\\\/pt-br\\\/title-vi-and-ada\\\/#breadcrumb\",\"itemListElement\":[{\"@type\":\"ListItem\",\"position\":1,\"name\":\"Home\",\"item\":\"https:\\\/\\\/gaports.com\\\/\"},{\"@type\":\"ListItem\",\"position\":2,\"name\":\"T\u00edtulo VI e ADA\"}]},{\"@type\":\"WebSite\",\"@id\":\"https:\\\/\\\/gaports.com\\\/#website\",\"url\":\"https:\\\/\\\/gaports.com\\\/\",\"name\":\"Georgia Ports Authority\",\"description\":\"Georgia Ports Authority official website with details on shipping ports in Georgia, port management, services, facilities, infrastructure, and operations statewide.\",\"potentialAction\":[{\"@type\":\"SearchAction\",\"target\":{\"@type\":\"EntryPoint\",\"urlTemplate\":\"https:\\\/\\\/gaports.com\\\/?s={search_term_string}\"},\"query-input\":{\"@type\":\"PropertyValueSpecification\",\"valueRequired\":true,\"valueName\":\"search_term_string\"}}],\"inLanguage\":\"pt-BR\"}]}<\/script>\n<!-- \/ Yoast SEO plugin. -->","yoast_head_json":{"title":"T\u00edtulo VI e ADA - Georgia Ports Authority","robots":{"index":"index","follow":"follow","max-snippet":"max-snippet:-1","max-image-preview":"max-image-preview:large","max-video-preview":"max-video-preview:-1"},"canonical":"https:\/\/gaports.com\/pt-br\/title-vi-and-ada\/","og_locale":"pt_BR","og_type":"article","og_title":"T\u00edtulo VI e ADA - Georgia Ports Authority","og_description":"Procedimento para Reclama\u00e7\u00f5es\/Queixas de Discrimina\u00e7\u00e3o de N\u00e3o Empregados","og_url":"https:\/\/gaports.com\/pt-br\/title-vi-and-ada\/","og_site_name":"Georgia Ports Authority","article_modified_time":"2024-07-01T08:59:13+00:00","twitter_card":"summary_large_image","schema":{"@context":"https:\/\/schema.org","@graph":[{"@type":"WebPage","@id":"https:\/\/gaports.com\/pt-br\/title-vi-and-ada\/","url":"https:\/\/gaports.com\/pt-br\/title-vi-and-ada\/","name":"T\u00edtulo VI e ADA - Georgia Ports Authority","isPartOf":{"@id":"https:\/\/gaports.com\/#website"},"datePublished":"2023-10-30T15:38:59+00:00","dateModified":"2024-07-01T08:59:13+00:00","description":"Procedimento para Reclama\u00e7\u00f5es\/Queixas de Discrimina\u00e7\u00e3o de N\u00e3o Empregados","breadcrumb":{"@id":"https:\/\/gaports.com\/pt-br\/title-vi-and-ada\/#breadcrumb"},"inLanguage":"pt-BR","potentialAction":[{"@type":"ReadAction","target":["https:\/\/gaports.com\/pt-br\/title-vi-and-ada\/"]}]},{"@type":"BreadcrumbList","@id":"https:\/\/gaports.com\/pt-br\/title-vi-and-ada\/#breadcrumb","itemListElement":[{"@type":"ListItem","position":1,"name":"Home","item":"https:\/\/gaports.com\/"},{"@type":"ListItem","position":2,"name":"T\u00edtulo VI e ADA"}]},{"@type":"WebSite","@id":"https:\/\/gaports.com\/#website","url":"https:\/\/gaports.com\/","name":"Georgia Ports Authority","description":"Georgia Ports Authority official website with details on shipping ports in Georgia, port management, services, facilities, infrastructure, and operations statewide.","potentialAction":[{"@type":"SearchAction","target":{"@type":"EntryPoint","urlTemplate":"https:\/\/gaports.com\/?s={search_term_string}"},"query-input":{"@type":"PropertyValueSpecification","valueRequired":true,"valueName":"search_term_string"}}],"inLanguage":"pt-BR"}]}},"_links":{"self":[{"href":"https:\/\/gaports.com\/pt-br\/wp-json\/wp\/v2\/pages\/822021","targetHints":{"allow":["GET"]}}],"collection":[{"href":"https:\/\/gaports.com\/pt-br\/wp-json\/wp\/v2\/pages"}],"about":[{"href":"https:\/\/gaports.com\/pt-br\/wp-json\/wp\/v2\/types\/page"}],"author":[{"embeddable":true,"href":"https:\/\/gaports.com\/pt-br\/wp-json\/wp\/v2\/users\/20"}],"replies":[{"embeddable":true,"href":"https:\/\/gaports.com\/pt-br\/wp-json\/wp\/v2\/comments?post=822021"}],"version-history":[{"count":0,"href":"https:\/\/gaports.com\/pt-br\/wp-json\/wp\/v2\/pages\/822021\/revisions"}],"wp:attachment":[{"href":"https:\/\/gaports.com\/pt-br\/wp-json\/wp\/v2\/media?parent=822021"}],"curies":[{"name":"wp","href":"https:\/\/api.w.org\/{rel}","templated":true}]}}