{"id":55328,"date":"2020-02-14T13:43:51","date_gmt":"2020-02-14T18:43:51","guid":{"rendered":"https:\/\/gaports.com\/equal-opportunity-employer\/"},"modified":"2024-05-31T04:24:52","modified_gmt":"2024-05-31T08:24:52","slug":"equal-opportunity-employer","status":"publish","type":"page","link":"https:\/\/gaports.com\/pt-br\/equal-opportunity-employer\/","title":{"rendered":"Empregador de Oportunidades Iguais &#8211; Portugu\u00eas"},"content":{"rendered":"","protected":false},"excerpt":{"rendered":"","protected":false},"author":6,"featured_media":0,"parent":0,"menu_order":0,"comment_status":"closed","ping_status":"closed","template":"","meta":{"_acf_changed":false,"footnotes":""},"class_list":["post-55328","page","type-page","status-publish","hentry"],"acf":{"blocks":[{"acf_fc_layout":"hero","hero":{"size":"medium","title":"Empregador com igualdade de oportunidades","subtitle":"","background":"image","background_color":"","background_image":{"ID":823395,"id":823395,"title":"flag","filename":"flag-7.jpg","filesize":124126,"url":"https:\/\/gaports.com\/wp-content\/uploads\/2023\/12\/flag-7.jpg","link":"https:\/\/gaports.com\/pt-br\/equal-opportunity-employer\/flag\/","alt":"","author":"20","description":"","caption":"","name":"flag","status":"inherit","uploaded_to":55328,"date":"2023-12-06 14:26:24","modified":"2023-12-06 14:26:24","menu_order":0,"mime_type":"image\/jpeg","type":"image","subtype":"jpeg","icon":"https:\/\/gaports.com\/wp-includes\/images\/media\/default.png","width":1620,"height":1080,"sizes":{"thumbnail":"https:\/\/gaports.com\/wp-content\/uploads\/2023\/12\/flag-7-150x150.jpg","thumbnail-width":150,"thumbnail-height":150,"medium":"https:\/\/gaports.com\/wp-content\/uploads\/2023\/12\/flag-7-1024x683.jpg","medium-width":1024,"medium-height":683,"medium_large":"https:\/\/gaports.com\/wp-content\/uploads\/2023\/12\/flag-7-768x512.jpg","medium_large-width":640,"medium_large-height":427,"large":"https:\/\/gaports.com\/wp-content\/uploads\/2023\/12\/flag-7.jpg","large-width":640,"large-height":427,"1536x1536":"https:\/\/gaports.com\/wp-content\/uploads\/2023\/12\/flag-7-1536x1024.jpg","1536x1536-width":1536,"1536x1536-height":1024,"2048x2048":"https:\/\/gaports.com\/wp-content\/uploads\/2023\/12\/flag-7-2048x1366.jpg","2048x2048-width":2048,"2048x2048-height":1366}},"background_video":false,"subnav_title":"","subnav":"true","subnav_menu":[{"subnav_link":{"title":"Vis\u00e3o geral","url":"https:\/\/gaports.com\/departments\/human-resources\/","target":""}},{"subnav_link":{"title":"Benef\u00edcios","url":"https:\/\/gaports.com\/departments\/human-resources\/benefits\/","target":""}},{"subnav_link":{"title":"Desenvolvimento da for\u00e7a de trabalho","url":"https:\/\/gaports.com\/departments\/human-resources\/workforce-development\/","target":""}},{"subnav_link":{"title":"\u00c9tica","url":"https:\/\/gaports.com\/departments\/human-resources\/ethics\/","target":""}},{"subnav_link":{"title":"Empregador com igualdade de oportunidades","url":"https:\/\/gaports.com\/departments\/human-resources\/equal-opportunity-employer\/","target":""}},{"subnav_link":{"title":"Carreiras","url":"https:\/\/recruiting.adp.com\/srccar\/public\/RTI.home?d=GPAExternalCareerSite&_icx=v02bE_OEapffF60O4aD4rfJiUQumRE4bBp4cnu9ljPaAth7%2FOo3NpBWlb4p41dwyF7M&c=2179107&_dissimuloSSO=eGsV73BNrQ4:fBcOlzrFMuuHw6UJ6jxRu-PBY3M","target":""}}],"breadcrumbs":"has-breadcrumbs","breadcrumb_link":{"title":"Recursos Humanos","url":"https:\/\/gaports.com\/departments\/human-resources\/","target":""}}},{"acf_fc_layout":"classic_editor","classic_editor":{"content":"<p>A Autoridade Portu\u00e1ria do Estado da Ge\u00f3rgia \u00e9 um empregador que oferece igualdade de oportunidades e a ra\u00e7a, cor, religi\u00e3o, sexo, orienta\u00e7\u00e3o sexual, idade, nacionalidade, defici\u00eancia, estatuto de veterano, informa\u00e7\u00e3o gen\u00e9tica, afilia\u00e7\u00e3o pol\u00edtica ou outros factores n\u00e3o relacionados com o m\u00e9rito n\u00e3o s\u00e3o considerados para efeitos de emprego, promo\u00e7\u00e3o, transfer\u00eancia, despromo\u00e7\u00e3o, tratamento no trabalho, pagamento ou outra compensa\u00e7\u00e3o, benef\u00edcios, forma\u00e7\u00e3o, disciplina, despedimento ou rescis\u00e3o. O Diretor de Recursos Humanos \u00e9 designado como Gestor da Igualdade de Oportunidades de Emprego.<\/p>\n"}}],"mega_menu_style":"none"},"yoast_head":"<!-- This site is optimized with the Yoast SEO plugin v27.3 - https:\/\/yoast.com\/product\/yoast-seo-wordpress\/ -->\n<title>Empregador de Oportunidades Iguais - Portugu\u00eas - Georgia Ports Authority<\/title>\n<meta name=\"robots\" content=\"index, follow, max-snippet:-1, max-image-preview:large, max-video-preview:-1\" \/>\n<link rel=\"canonical\" href=\"https:\/\/gaports.com\/pt-br\/equal-opportunity-employer\/\" \/>\n<meta property=\"og:locale\" content=\"pt_BR\" \/>\n<meta property=\"og:type\" content=\"article\" \/>\n<meta property=\"og:title\" content=\"Empregador de Oportunidades Iguais - Portugu\u00eas - Georgia Ports Authority\" \/>\n<meta property=\"og:url\" content=\"https:\/\/gaports.com\/pt-br\/equal-opportunity-employer\/\" \/>\n<meta property=\"og:site_name\" content=\"Georgia Ports Authority\" \/>\n<meta property=\"article:modified_time\" content=\"2024-05-31T08:24:52+00:00\" \/>\n<meta name=\"twitter:card\" content=\"summary_large_image\" \/>\n<script type=\"application\/ld+json\" class=\"yoast-schema-graph\">{\"@context\":\"https:\\\/\\\/schema.org\",\"@graph\":[{\"@type\":\"WebPage\",\"@id\":\"https:\\\/\\\/gaports.com\\\/pt-br\\\/equal-opportunity-employer\\\/\",\"url\":\"https:\\\/\\\/gaports.com\\\/pt-br\\\/equal-opportunity-employer\\\/\",\"name\":\"Empregador de Oportunidades Iguais - Portugu\u00eas - Georgia Ports Authority\",\"isPartOf\":{\"@id\":\"https:\\\/\\\/gaports.com\\\/#website\"},\"datePublished\":\"2020-02-14T18:43:51+00:00\",\"dateModified\":\"2024-05-31T08:24:52+00:00\",\"breadcrumb\":{\"@id\":\"https:\\\/\\\/gaports.com\\\/pt-br\\\/equal-opportunity-employer\\\/#breadcrumb\"},\"inLanguage\":\"pt-BR\",\"potentialAction\":[{\"@type\":\"ReadAction\",\"target\":[\"https:\\\/\\\/gaports.com\\\/pt-br\\\/equal-opportunity-employer\\\/\"]}]},{\"@type\":\"BreadcrumbList\",\"@id\":\"https:\\\/\\\/gaports.com\\\/pt-br\\\/equal-opportunity-employer\\\/#breadcrumb\",\"itemListElement\":[{\"@type\":\"ListItem\",\"position\":1,\"name\":\"Home\",\"item\":\"https:\\\/\\\/gaports.com\\\/\"},{\"@type\":\"ListItem\",\"position\":2,\"name\":\"Empregador de Oportunidades Iguais &#8211; Portugu\u00eas\"}]},{\"@type\":\"WebSite\",\"@id\":\"https:\\\/\\\/gaports.com\\\/#website\",\"url\":\"https:\\\/\\\/gaports.com\\\/\",\"name\":\"Georgia Ports Authority\",\"description\":\"Georgia Ports Authority official website with details on shipping ports in Georgia, port management, services, facilities, infrastructure, and operations statewide.\",\"potentialAction\":[{\"@type\":\"SearchAction\",\"target\":{\"@type\":\"EntryPoint\",\"urlTemplate\":\"https:\\\/\\\/gaports.com\\\/?s={search_term_string}\"},\"query-input\":{\"@type\":\"PropertyValueSpecification\",\"valueRequired\":true,\"valueName\":\"search_term_string\"}}],\"inLanguage\":\"pt-BR\"}]}<\/script>\n<!-- \/ Yoast SEO plugin. -->","yoast_head_json":{"title":"Empregador de Oportunidades Iguais - Portugu\u00eas - Georgia Ports Authority","robots":{"index":"index","follow":"follow","max-snippet":"max-snippet:-1","max-image-preview":"max-image-preview:large","max-video-preview":"max-video-preview:-1"},"canonical":"https:\/\/gaports.com\/pt-br\/equal-opportunity-employer\/","og_locale":"pt_BR","og_type":"article","og_title":"Empregador de Oportunidades Iguais - Portugu\u00eas - Georgia Ports Authority","og_url":"https:\/\/gaports.com\/pt-br\/equal-opportunity-employer\/","og_site_name":"Georgia Ports Authority","article_modified_time":"2024-05-31T08:24:52+00:00","twitter_card":"summary_large_image","schema":{"@context":"https:\/\/schema.org","@graph":[{"@type":"WebPage","@id":"https:\/\/gaports.com\/pt-br\/equal-opportunity-employer\/","url":"https:\/\/gaports.com\/pt-br\/equal-opportunity-employer\/","name":"Empregador de Oportunidades Iguais - Portugu\u00eas - Georgia Ports Authority","isPartOf":{"@id":"https:\/\/gaports.com\/#website"},"datePublished":"2020-02-14T18:43:51+00:00","dateModified":"2024-05-31T08:24:52+00:00","breadcrumb":{"@id":"https:\/\/gaports.com\/pt-br\/equal-opportunity-employer\/#breadcrumb"},"inLanguage":"pt-BR","potentialAction":[{"@type":"ReadAction","target":["https:\/\/gaports.com\/pt-br\/equal-opportunity-employer\/"]}]},{"@type":"BreadcrumbList","@id":"https:\/\/gaports.com\/pt-br\/equal-opportunity-employer\/#breadcrumb","itemListElement":[{"@type":"ListItem","position":1,"name":"Home","item":"https:\/\/gaports.com\/"},{"@type":"ListItem","position":2,"name":"Empregador de Oportunidades Iguais &#8211; Portugu\u00eas"}]},{"@type":"WebSite","@id":"https:\/\/gaports.com\/#website","url":"https:\/\/gaports.com\/","name":"Georgia Ports Authority","description":"Georgia Ports Authority official website with details on shipping ports in Georgia, port management, services, facilities, infrastructure, and operations statewide.","potentialAction":[{"@type":"SearchAction","target":{"@type":"EntryPoint","urlTemplate":"https:\/\/gaports.com\/?s={search_term_string}"},"query-input":{"@type":"PropertyValueSpecification","valueRequired":true,"valueName":"search_term_string"}}],"inLanguage":"pt-BR"}]}},"_links":{"self":[{"href":"https:\/\/gaports.com\/pt-br\/wp-json\/wp\/v2\/pages\/55328","targetHints":{"allow":["GET"]}}],"collection":[{"href":"https:\/\/gaports.com\/pt-br\/wp-json\/wp\/v2\/pages"}],"about":[{"href":"https:\/\/gaports.com\/pt-br\/wp-json\/wp\/v2\/types\/page"}],"author":[{"embeddable":true,"href":"https:\/\/gaports.com\/pt-br\/wp-json\/wp\/v2\/users\/6"}],"replies":[{"embeddable":true,"href":"https:\/\/gaports.com\/pt-br\/wp-json\/wp\/v2\/comments?post=55328"}],"version-history":[{"count":0,"href":"https:\/\/gaports.com\/pt-br\/wp-json\/wp\/v2\/pages\/55328\/revisions"}],"wp:attachment":[{"href":"https:\/\/gaports.com\/pt-br\/wp-json\/wp\/v2\/media?parent=55328"}],"curies":[{"name":"wp","href":"https:\/\/api.w.org\/{rel}","templated":true}]}}