{"id":822037,"date":"2023-10-31T15:45:11","date_gmt":"2023-10-31T19:45:11","guid":{"rendered":"https:\/\/gaports.com\/equal-opportunity-employer\/non-employee-discrimination-complaint-form\/"},"modified":"2024-05-31T05:22:13","modified_gmt":"2024-05-31T09:22:13","slug":"non-employee-discrimination-complaint-form","status":"publish","type":"page","link":"https:\/\/gaports.com\/fr\/title-vi-and-ada\/non-employee-discrimination-complaint-form\/","title":{"rendered":"Formulaire de plainte pour discrimination envers des non-employ\u00e9s"},"content":{"rendered":"<p>&nbsp;<\/p>\n<p>&nbsp;<\/p>\n","protected":false},"excerpt":{"rendered":"<p>&nbsp; &nbsp;<\/p>\n","protected":false},"author":20,"featured_media":0,"parent":821999,"menu_order":0,"comment_status":"closed","ping_status":"closed","template":"","meta":{"_acf_changed":false,"footnotes":""},"class_list":["post-822037","page","type-page","status-publish","hentry"],"acf":{"blocks":[{"acf_fc_layout":"hero","hero":{"size":"medium","title":"Formulaire de plainte pour discrimination envers des non-employ\u00e9s","subtitle":"","background":"image","background_color":"","background_image":{"ID":823385,"id":823385,"title":"flag","filename":"flag-2.jpg","filesize":124126,"url":"https:\/\/gaports.com\/wp-content\/uploads\/2023\/12\/flag-2.jpg","link":"https:\/\/gaports.com\/fr\/equal-opportunity-employer\/flag\/","alt":"","author":"20","description":"","caption":"","name":"flag","status":"inherit","uploaded_to":55323,"date":"2023-12-06 14:18:58","modified":"2023-12-06 14:18:58","menu_order":0,"mime_type":"image\/jpeg","type":"image","subtype":"jpeg","icon":"https:\/\/gaports.com\/wp-includes\/images\/media\/default.png","width":1620,"height":1080,"sizes":{"thumbnail":"https:\/\/gaports.com\/wp-content\/uploads\/2023\/12\/flag-2-150x150.jpg","thumbnail-width":150,"thumbnail-height":150,"medium":"https:\/\/gaports.com\/wp-content\/uploads\/2023\/12\/flag-2-1024x683.jpg","medium-width":1024,"medium-height":683,"medium_large":"https:\/\/gaports.com\/wp-content\/uploads\/2023\/12\/flag-2-768x512.jpg","medium_large-width":640,"medium_large-height":427,"large":"https:\/\/gaports.com\/wp-content\/uploads\/2023\/12\/flag-2.jpg","large-width":640,"large-height":427,"1536x1536":"https:\/\/gaports.com\/wp-content\/uploads\/2023\/12\/flag-2-1536x1024.jpg","1536x1536-width":1536,"1536x1536-height":1024,"2048x2048":"https:\/\/gaports.com\/wp-content\/uploads\/2023\/12\/flag-2-2048x1366.jpg","2048x2048-width":2048,"2048x2048-height":1366}},"background_image_mobile":false,"background_video":false,"subnav_title":"","subnav":"true","subnav_menu":[{"subnav_link":{"title":"Aper\u00e7u","url":"https:\/\/gaports.com\/departments\/human-resources\/","target":""}},{"subnav_link":{"title":"Avantages","url":"https:\/\/gaports.com\/departments\/human-resources\/benefits\/","target":""}},{"subnav_link":{"title":"D\u00e9veloppement de la main-d'\u0153uvre","url":"https:\/\/gaports.com\/departments\/human-resources\/workforce-development\/","target":""}},{"subnav_link":{"title":"\u00c9thique","url":"https:\/\/gaports.com\/departments\/human-resources\/ethics\/","target":""}},{"subnav_link":{"title":"Employeur d'\u00e9galit\u00e9 des chances","url":"https:\/\/gaports.com\/fr\/equal-opportunity-employer\/","target":""}},{"subnav_link":{"title":"Careers","url":"https:\/\/recruiting.adp.com\/srccar\/public\/RTI.home?d=GPAExternalCareerSite&_icx=v02bE_OEapffF60O4aD4rfJiUQumRE4bBp4cnu9ljPaAth7%2FOo3NpBWlb4p41dwyF7M&c=2179107&_dissimuloSSO=eGsV73BNrQ4:fBcOlzrFMuuHw6UJ6jxRu-PBY3M","target":""}}],"breadcrumbs":"has-breadcrumbs","breadcrumb_link":{"title":"Titre VI et ADA","url":"https:\/\/gaports.com\/fr\/title-vi-and-ada\/","target":""},"extended_description":"","button_1":null,"button_2":null}},{"acf_fc_layout":"classic_editor","classic_editor":{"content":"<p>Si vous pensez avoir \u00e9t\u00e9 victime de discrimination fond\u00e9e sur la race, la couleur, l&rsquo;origine nationale, l&rsquo;\u00e2ge, le sexe ou le handicap dans les programmes ou activit\u00e9s du GPA, vous pouvez d\u00e9poser une plainte dans le d\u00e9lai pr\u00e9vu par la loi. Pour plus d&rsquo;informations, consultez la \u00ab<a href=\"https:\/\/gaports.com\/fr\/title-vi-and-ada\/\">Proc\u00e9dure pour les plaintes\/griefs pour discrimination de non-employ\u00e9s.<\/a>\u00bb ou contactez le coordinateur de non-discrimination identifi\u00e9 ci-dessous.<\/p>\n<p>Toute personne qui d\u00e9pose une plainte ou t\u00e9moigne, assiste ou participe \u00e0 une enqu\u00eate, une proc\u00e9dure ou une audience en mati\u00e8re de non-discrimination ne peut \u00eatre intimid\u00e9e ou faire l&rsquo;objet de repr\u00e9sailles de la part du Minist\u00e8re dans le but d&rsquo;interf\u00e9rer avec un droit ou un privil\u00e8ge garanti par le Minist\u00e8re. Loi sur les droits civils de 1964, article 504, ou toute autre loi sur les droits civils.<\/p>\n<p>&nbsp;<\/p>\n<p class=\"wpcf7-contact-form-not-found\"><strong>Error:<\/strong> Contact form not found.<\/p>\n<p>&nbsp;<\/p>\n"}}],"mega_menu_style":"none"},"yoast_head":"<!-- This site is optimized with the Yoast SEO plugin v27.3 - https:\/\/yoast.com\/product\/yoast-seo-wordpress\/ -->\n<title>Formulaire de plainte pour discrimination envers des non-employ\u00e9s - Georgia Ports Authority<\/title>\n<meta name=\"robots\" content=\"index, follow, max-snippet:-1, max-image-preview:large, max-video-preview:-1\" \/>\n<link rel=\"canonical\" href=\"https:\/\/gaports.com\/fr\/title-vi-and-ada\/non-employee-discrimination-complaint-form\/\" \/>\n<meta property=\"og:locale\" content=\"fr_FR\" \/>\n<meta property=\"og:type\" content=\"article\" \/>\n<meta property=\"og:title\" content=\"Formulaire de plainte pour discrimination envers des non-employ\u00e9s - Georgia Ports Authority\" \/>\n<meta property=\"og:description\" content=\"&nbsp; &nbsp;\" \/>\n<meta property=\"og:url\" content=\"https:\/\/gaports.com\/fr\/title-vi-and-ada\/non-employee-discrimination-complaint-form\/\" \/>\n<meta property=\"og:site_name\" content=\"Georgia Ports Authority\" \/>\n<meta property=\"article:modified_time\" content=\"2024-05-31T09:22:13+00:00\" \/>\n<meta name=\"twitter:card\" content=\"summary_large_image\" \/>\n<script type=\"application\/ld+json\" class=\"yoast-schema-graph\">{\"@context\":\"https:\\\/\\\/schema.org\",\"@graph\":[{\"@type\":\"WebPage\",\"@id\":\"https:\\\/\\\/gaports.com\\\/fr\\\/title-vi-and-ada\\\/non-employee-discrimination-complaint-form\\\/\",\"url\":\"https:\\\/\\\/gaports.com\\\/fr\\\/title-vi-and-ada\\\/non-employee-discrimination-complaint-form\\\/\",\"name\":\"Formulaire de plainte pour discrimination envers des non-employ\u00e9s - Georgia Ports Authority\",\"isPartOf\":{\"@id\":\"https:\\\/\\\/gaports.com\\\/#website\"},\"datePublished\":\"2023-10-31T19:45:11+00:00\",\"dateModified\":\"2024-05-31T09:22:13+00:00\",\"breadcrumb\":{\"@id\":\"https:\\\/\\\/gaports.com\\\/fr\\\/title-vi-and-ada\\\/non-employee-discrimination-complaint-form\\\/#breadcrumb\"},\"inLanguage\":\"fr-FR\",\"potentialAction\":[{\"@type\":\"ReadAction\",\"target\":[\"https:\\\/\\\/gaports.com\\\/fr\\\/title-vi-and-ada\\\/non-employee-discrimination-complaint-form\\\/\"]}]},{\"@type\":\"BreadcrumbList\",\"@id\":\"https:\\\/\\\/gaports.com\\\/fr\\\/title-vi-and-ada\\\/non-employee-discrimination-complaint-form\\\/#breadcrumb\",\"itemListElement\":[{\"@type\":\"ListItem\",\"position\":1,\"name\":\"Home\",\"item\":\"https:\\\/\\\/gaports.com\\\/\"},{\"@type\":\"ListItem\",\"position\":2,\"name\":\"Titre VI et ADA\",\"item\":\"https:\\\/\\\/gaports.com\\\/fr\\\/title-vi-and-ada\\\/\"},{\"@type\":\"ListItem\",\"position\":3,\"name\":\"Formulaire de plainte pour discrimination envers des non-employ\u00e9s\"}]},{\"@type\":\"WebSite\",\"@id\":\"https:\\\/\\\/gaports.com\\\/#website\",\"url\":\"https:\\\/\\\/gaports.com\\\/\",\"name\":\"Georgia Ports Authority\",\"description\":\"Georgia Ports Authority official website with details on shipping ports in Georgia, port management, services, facilities, infrastructure, and operations statewide.\",\"potentialAction\":[{\"@type\":\"SearchAction\",\"target\":{\"@type\":\"EntryPoint\",\"urlTemplate\":\"https:\\\/\\\/gaports.com\\\/?s={search_term_string}\"},\"query-input\":{\"@type\":\"PropertyValueSpecification\",\"valueRequired\":true,\"valueName\":\"search_term_string\"}}],\"inLanguage\":\"fr-FR\"}]}<\/script>\n<!-- \/ Yoast SEO plugin. -->","yoast_head_json":{"title":"Formulaire de plainte pour discrimination envers des non-employ\u00e9s - Georgia Ports Authority","robots":{"index":"index","follow":"follow","max-snippet":"max-snippet:-1","max-image-preview":"max-image-preview:large","max-video-preview":"max-video-preview:-1"},"canonical":"https:\/\/gaports.com\/fr\/title-vi-and-ada\/non-employee-discrimination-complaint-form\/","og_locale":"fr_FR","og_type":"article","og_title":"Formulaire de plainte pour discrimination envers des non-employ\u00e9s - Georgia Ports Authority","og_description":"&nbsp; &nbsp;","og_url":"https:\/\/gaports.com\/fr\/title-vi-and-ada\/non-employee-discrimination-complaint-form\/","og_site_name":"Georgia Ports Authority","article_modified_time":"2024-05-31T09:22:13+00:00","twitter_card":"summary_large_image","schema":{"@context":"https:\/\/schema.org","@graph":[{"@type":"WebPage","@id":"https:\/\/gaports.com\/fr\/title-vi-and-ada\/non-employee-discrimination-complaint-form\/","url":"https:\/\/gaports.com\/fr\/title-vi-and-ada\/non-employee-discrimination-complaint-form\/","name":"Formulaire de plainte pour discrimination envers des non-employ\u00e9s - Georgia Ports Authority","isPartOf":{"@id":"https:\/\/gaports.com\/#website"},"datePublished":"2023-10-31T19:45:11+00:00","dateModified":"2024-05-31T09:22:13+00:00","breadcrumb":{"@id":"https:\/\/gaports.com\/fr\/title-vi-and-ada\/non-employee-discrimination-complaint-form\/#breadcrumb"},"inLanguage":"fr-FR","potentialAction":[{"@type":"ReadAction","target":["https:\/\/gaports.com\/fr\/title-vi-and-ada\/non-employee-discrimination-complaint-form\/"]}]},{"@type":"BreadcrumbList","@id":"https:\/\/gaports.com\/fr\/title-vi-and-ada\/non-employee-discrimination-complaint-form\/#breadcrumb","itemListElement":[{"@type":"ListItem","position":1,"name":"Home","item":"https:\/\/gaports.com\/"},{"@type":"ListItem","position":2,"name":"Titre VI et ADA","item":"https:\/\/gaports.com\/fr\/title-vi-and-ada\/"},{"@type":"ListItem","position":3,"name":"Formulaire de plainte pour discrimination envers des non-employ\u00e9s"}]},{"@type":"WebSite","@id":"https:\/\/gaports.com\/#website","url":"https:\/\/gaports.com\/","name":"Georgia Ports Authority","description":"Georgia Ports Authority official website with details on shipping ports in Georgia, port management, services, facilities, infrastructure, and operations statewide.","potentialAction":[{"@type":"SearchAction","target":{"@type":"EntryPoint","urlTemplate":"https:\/\/gaports.com\/?s={search_term_string}"},"query-input":{"@type":"PropertyValueSpecification","valueRequired":true,"valueName":"search_term_string"}}],"inLanguage":"fr-FR"}]}},"_links":{"self":[{"href":"https:\/\/gaports.com\/fr\/wp-json\/wp\/v2\/pages\/822037","targetHints":{"allow":["GET"]}}],"collection":[{"href":"https:\/\/gaports.com\/fr\/wp-json\/wp\/v2\/pages"}],"about":[{"href":"https:\/\/gaports.com\/fr\/wp-json\/wp\/v2\/types\/page"}],"author":[{"embeddable":true,"href":"https:\/\/gaports.com\/fr\/wp-json\/wp\/v2\/users\/20"}],"replies":[{"embeddable":true,"href":"https:\/\/gaports.com\/fr\/wp-json\/wp\/v2\/comments?post=822037"}],"version-history":[{"count":0,"href":"https:\/\/gaports.com\/fr\/wp-json\/wp\/v2\/pages\/822037\/revisions"}],"up":[{"embeddable":true,"href":"https:\/\/gaports.com\/fr\/wp-json\/wp\/v2\/pages\/821999"}],"wp:attachment":[{"href":"https:\/\/gaports.com\/fr\/wp-json\/wp\/v2\/media?parent=822037"}],"curies":[{"name":"wp","href":"https:\/\/api.w.org\/{rel}","templated":true}]}}