{"id":821999,"date":"2023-10-30T11:38:59","date_gmt":"2023-10-30T15:38:59","guid":{"rendered":"https:\/\/gaports.com\/equal-opportunity-employer\/procedure-for-non-employee-discrimination-complaints-grievances\/"},"modified":"2024-07-01T04:49:41","modified_gmt":"2024-07-01T08:49:41","slug":"title-vi-and-ada","status":"publish","type":"page","link":"https:\/\/gaports.com\/fr\/title-vi-and-ada\/","title":{"rendered":"Titre VI et ADA"},"content":{"rendered":"<p>&nbsp;<\/p>\n<p>&nbsp;<\/p>\n","protected":false},"excerpt":{"rendered":"<p>&nbsp; &nbsp;<\/p>\n","protected":false},"author":20,"featured_media":0,"parent":0,"menu_order":0,"comment_status":"closed","ping_status":"closed","template":"","meta":{"_acf_changed":false,"footnotes":""},"class_list":["post-821999","page","type-page","status-publish","hentry"],"acf":{"blocks":[{"acf_fc_layout":"hero","hero":{"size":"medium","title":"Titre VI et ADA","subtitle":"","background":"image","background_color":"","background_image":{"ID":823385,"id":823385,"title":"flag","filename":"flag-2.jpg","filesize":124126,"url":"https:\/\/gaports.com\/wp-content\/uploads\/2023\/12\/flag-2.jpg","link":"https:\/\/gaports.com\/fr\/equal-opportunity-employer\/flag\/","alt":"","author":"20","description":"","caption":"","name":"flag","status":"inherit","uploaded_to":55323,"date":"2023-12-06 14:18:58","modified":"2023-12-06 14:18:58","menu_order":0,"mime_type":"image\/jpeg","type":"image","subtype":"jpeg","icon":"https:\/\/gaports.com\/wp-includes\/images\/media\/default.png","width":1620,"height":1080,"sizes":{"thumbnail":"https:\/\/gaports.com\/wp-content\/uploads\/2023\/12\/flag-2-150x150.jpg","thumbnail-width":150,"thumbnail-height":150,"medium":"https:\/\/gaports.com\/wp-content\/uploads\/2023\/12\/flag-2-1024x683.jpg","medium-width":1024,"medium-height":683,"medium_large":"https:\/\/gaports.com\/wp-content\/uploads\/2023\/12\/flag-2-768x512.jpg","medium_large-width":640,"medium_large-height":427,"large":"https:\/\/gaports.com\/wp-content\/uploads\/2023\/12\/flag-2.jpg","large-width":640,"large-height":427,"1536x1536":"https:\/\/gaports.com\/wp-content\/uploads\/2023\/12\/flag-2-1536x1024.jpg","1536x1536-width":1536,"1536x1536-height":1024,"2048x2048":"https:\/\/gaports.com\/wp-content\/uploads\/2023\/12\/flag-2-2048x1366.jpg","2048x2048-width":2048,"2048x2048-height":1366}},"background_image_mobile":false,"background_video":false,"subnav_title":"","subnav":"true","subnav_menu":[{"subnav_link":{"title":"Vue d'ensemble","url":"https:\/\/gaports.com\/departments\/human-resources\/","target":""}},{"subnav_link":{"title":"Avantages","url":"https:\/\/gaports.com\/departments\/human-resources\/benefits\/","target":""}},{"subnav_link":{"title":"D\u00e9veloppement de la main-d'\u0153uvre","url":"https:\/\/gaports.com\/departments\/human-resources\/workforce-development\/","target":""}},{"subnav_link":{"title":"L'\u00e9thique","url":"https:\/\/gaports.com\/departments\/human-resources\/ethics\/","target":""}},{"subnav_link":{"title":"Employeur pour l'\u00e9galit\u00e9 des chances","url":"https:\/\/gaports.com\/departments\/human-resources\/equal-opportunity-employer\/","target":""}},{"subnav_link":{"title":"Carri\u00e8res","url":"https:\/\/recruiting.adp.com\/srccar\/public\/RTI.home?d=GPAExternalCareerSite&_icx=v02bE_OEapffF60O4aD4rfJiUQumRE4bBp4cnu9ljPaAth7%2FOo3NpBWlb4p41dwyF7M&c=2179107&_dissimuloSSO=eGsV73BNrQ4:fBcOlzrFMuuHw6UJ6jxRu-PBY3M","target":""}}],"breadcrumbs":"has-breadcrumbs","breadcrumb_link":{"title":"Ressources humaines","url":"https:\/\/gaports.com\/departments\/human-resources\/","target":""},"extended_description":"","button_1":null,"button_2":null}},{"acf_fc_layout":"classic_editor","classic_editor":{"content":"<p><strong>Des traductions sur place sont propos\u00e9es par Language Line Services, LLC.<\/strong><\/p>\n<p><a href=\"https:\/\/gaports.com\/fr\/title-vi-and-ada\/non-employee-discrimination-complaint-form\/\" data-turbolinks=\"false\" data-uw-rm-brl=\"PR\" data-uw-original-href=\"https:\/\/gaports.com\/departments\/human-resources\/equal-opportunity-employer\/non-employee-discrimination-complaint-form\/\">Formulaire de plainte pour non-discrimination<\/a><\/p>\n<p><a href=\"\/wp-content\/uploads\/2024\/07\/Non-Employee-Discrimination-Complaint-Form-05202024fr.pdf\" target=\"_blank\" rel=\"noopener\" data-turbolinks=\"false\" data-uw-rm-brl=\"PR\" data-uw-original-href=\"https:\/\/gaports.com\/departments\/human-resources\/equal-opportunity-employer\/non-employee-discrimination-complaint-form\/\">Formulaire PDF sur la non-discrimination<\/a><\/p>\n<p>Pour les plaintes relatives \u00e0 la discrimination \u00e0 l&rsquo;\u00e9gard des non-salari\u00e9s, veuillez consulter les proc\u00e9dures de plainte ci-dessous.<\/p>\n<p>Georgia Ports Authority (GPA) se conforme \u00e0 toutes les lois et r\u00e9glementations applicables et ne fait aucune discrimination sur la base de la race, de la couleur, de l\u2019origine nationale, du handicap, de l\u2019\u00e2ge ou du sexe dans l\u2019administration de ses programmes ou activit\u00e9s. Le GPA est responsable de la coordination des efforts de conformit\u00e9 et de la r\u00e9ception des demandes de renseignements concernant les exigences de non-discrimination du titre VI de la loi sur les droits civils de 1964, telle qu\u2019amend\u00e9e\u00a0; l\u2019article 504 de la loi de 1973 sur la r\u00e9habilitation\u00a0; la loi de 1975 sur la discrimination fond\u00e9e sur l\u2019\u00e2ge\u00a0; Titre IX des amendements de 1972 sur l\u2019\u00e9ducation\u00a0; Titre II de l\u2019Americans with Disabilities Act de 1990\u00a0; et d\u2019autres lois f\u00e9d\u00e9rales applicables en mati\u00e8re de non-discrimination, y compris, mais sans s\u2019y limiter, l\u2019article 13 de la loi f\u00e9d\u00e9rale de 1972 sur le contr\u00f4le de la pollution de l\u2019eau, et les parties 5 et 7 de l\u2019article 40 du C.F.R. (ci-apr\u00e8s d\u00e9nomm\u00e9es collectivement les lois f\u00e9d\u00e9rales sur la non-discrimination).<\/p>\n<p>Le pr\u00e9sent document d\u00e9crit les proc\u00e9dures de traitement des plaintes \u00e0 l\u2019intention des non-employ\u00e9s en ce qui a trait \u00e0 la prestation de programmes et de services par l\u2019AMP. (Les proc\u00e9dures de GPA pour les employ\u00e9s qui souhaitent se plaindre de questions li\u00e9es \u00e0 l\u2019emploi sont \u00e9nonc\u00e9es dans une politique distincte.) Le coordonnateur de la non-discrimination de GPA (voir ci-dessous) est responsable de la coordination et de la surveillance des lois f\u00e9d\u00e9rales sur la non-discrimination. Le coordonnateur de la non-discrimination et\/ou son d\u00e9l\u00e9gu\u00e9 recevra et examinera les plaintes, communiquera avec les plaignants, enqu\u00eatera sur les plaintes ou organisera l\u2019enqu\u00eate sur les plaintes, \u00e9mettra des lettres et des avis, et effectuera d\u2019autres actions n\u00e9cessaires pour remplir les obligations de GPA en vertu des lois f\u00e9d\u00e9rales sur la non-discrimination.<\/p>\n<ul style=\"list-style-type: none;\">\n<li style=\"text-align: center;\">Tiphani Lee<\/li>\n<li style=\"text-align: center;\">Coordinatrice de la non-discrimination<\/li>\n<li style=\"text-align: center;\">82, rue Main<\/li>\n<li style=\"text-align: center;\">31408, Garden City, G\u00e9orgie<\/li>\n<li style=\"text-align: center;\"><a href=\"mailto:Tlee@gaports.com\"><span class=\"s1\">Tlee@gaports.com<\/span><\/a><\/li>\n<li style=\"text-align: center;\">(912) 963-5569<\/li>\n<li>\u00a0<\/li>\n<\/ul>\n<p>Toute personne qui croit avoir \u00e9t\u00e9 victime de discrimination \u00e0 l\u2019\u00e9gard d\u2019un programme ou d\u2019une activit\u00e9 de GPA peut d\u00e9poser une plainte en utilisant les proc\u00e9dures ci-dessous. Une enqu\u00eate appropri\u00e9e, rapide et impartiale sera men\u00e9e sur les all\u00e9gations d\u00e9pos\u00e9es.<\/p>\n<p>Toute personne qui d\u00e9pose une plainte ou t\u00e9moigne, assiste ou participe \u00e0 une enqu\u00eate, une proc\u00e9dure ou une audience sur la discrimination ne peut pas \u00eatre intimid\u00e9e ou faire l\u2019objet de repr\u00e9sailles de la part de la GPA ou de ses employ\u00e9s dans le but d\u2019interf\u00e9rer avec un droit ou un privil\u00e8ge garanti par la loi, y compris la loi sur les droits civils de 1964, section 504, ou d\u2019autres lois sur les droits civils. ou par GPA.<\/p>\n<p>Les proc\u00e9dures de l\u2019AMP pour les plaintes de discrimination et les plaintes de repr\u00e9sailles visant des personnes qui ne sont pas des employ\u00e9s sont les suivantes :<\/p>\n<ol class=\"ol1\">\n<li class=\"li9\">Toute personne qui estime avoir \u00e9t\u00e9 victime de discrimination peut d\u00e9poser une plainte \u00e9crite aupr\u00e8s du coordonnateur de la non-discrimination de l\u2019AMP.\n<ol class=\"ol2\" style=\"list-style-type: lower-alpha;\">\n<li class=\"li9\">Les plaignants ont \u00e9galement le droit de d\u00e9poser une plainte directement aupr\u00e8s de l\u2019organisme f\u00e9d\u00e9ral ou d\u2019un autre organisme gouvernemental appropri\u00e9\u00a0; Toutefois, le requ\u00e9rant doit le faire dans le d\u00e9lai pr\u00e9vu par la loi.<\/li>\n<\/ol>\n<\/li>\n<li class=\"li9\">Le plaignant peut t\u00e9l\u00e9charger le formulaire de plainte \u00e0 <a href=\"https:\/\/www.gaports.com\/\">www.gaports.com <\/a>ou demander le formulaire de plainte au coordonnateur de la non-discrimination. Au lieu du formulaire de plainte, le plaignant peut soumettre au coordonnateur de la non-discrimination une d\u00e9claration \u00e9crite contenant tous les renseignements \u00e9num\u00e9r\u00e9s dans les sections 3a \u00e0 3f ci-dessous.<\/li>\n<li class=\"li10\">La plainte doit comprendre les renseignements suivants, s\u2019ils sont connus :\n<ol class=\"ol2\" style=\"list-style-type: lower-alpha;\">\n<li class=\"li11\">Nom, adresse et num\u00e9ro de t\u00e9l\u00e9phone du plaignant.<\/li>\n<li class=\"li12\">Le fondement de la discrimination pr\u00e9sum\u00e9e (c\u2019est-\u00e0-dire la race, la couleur, l\u2019origine nationale, le sexe, l\u2019\u00e2ge ou le handicap).<\/li>\n<li class=\"li13\">La ou les dates auxquelles l\u2019\u00e9v\u00e9nement ou les \u00e9v\u00e9nements discriminatoires all\u00e9gu\u00e9s se sont produits.<\/li>\n<li class=\"li9\">Description de l\u2019incident all\u00e9gu\u00e9, y compris ce qui a amen\u00e9 le plaignant \u00e0 croire que la discrimination \u00e9tait un facteur.<\/li>\n<li class=\"li9\">Noms, adresses et num\u00e9ros de t\u00e9l\u00e9phone des personnes susceptibles d\u2019avoir connaissance de l\u2019\u00e9v\u00e9nement.<\/li>\n<li class=\"li9\">Si une plainte a \u00e9t\u00e9 d\u00e9pos\u00e9e aupr\u00e8s d\u2019un organisme ou d\u2019un tribunal, l\u2019organisme ou le tribunal o\u00f9 elle a \u00e9t\u00e9 d\u00e9pos\u00e9e et le nom de la personne-ressource.<\/li>\n<li class=\"li14\">Signature et date du plaignant.<\/li>\n<\/ol>\n<\/li>\n<li>Si le plaignant n\u2019est pas en mesure de soumettre un formulaire de plainte ou une plainte \u00e9crite, il doit contacter le coordonnateur de la non-discrimination.\n<ol class=\"ol2\">\n<li class=\"li12\">GPA prendra des mesures d\u2019adaptation raisonnables dans ses politiques et proc\u00e9dures qui sont n\u00e9cessaires pour permettre \u00e0 une personne handicap\u00e9e d\u2019avoir un acc\u00e8s complet au processus de d\u00e9p\u00f4t de plainte et d\u2019enqu\u00eate. Ces mesures d\u2019adaptation peuvent inclure, sans toutefois s\u2019y limiter, l\u2019utilisation de gros caract\u00e8res, de braille, d\u2019enregistrements audio ou l\u2019aide au plaignant pour la pr\u00e9paration de sa plainte \u00e9crite. Toute personne ayant besoin d\u2019un tel accommodement peut contacter le coordonnateur de la non-discrimination par les meilleurs moyens disponibles.<\/li>\n<li><span class=\"s11\">Si l\u2019anglais n\u2019est pas votre langue maternelle et que vous avez des difficult\u00e9s \u00e0 communiquer efficacement en anglais, vous aurez peut-\u00eatre besoin d\u2019un interpr\u00e8te ou d\u2019une traduction de documents pour avoir un acc\u00e8s significatif \u00e0 l\u2019Autorit\u00e9 portuaire de G\u00e9orgie. Si vous avez besoin de mesures d\u2019adaptation en fonction de vos comp\u00e9tences linguistiques, veuillez communiquer avec la coordonnatrice de la non-discrimination par t\u00e9l\u00e9phone ou par courriel afin que des ressources puissent vous \u00eatre fournies pour permettre une communication suffisante. La traduction des documents sera fournie en ligne via l\u2019outil de traduction. Le document Proc\u00e9dure pour les plaintes et les griefs de discrimination \u00e0 l\u2019\u00e9gard de non-employ\u00e9s est offert en plusieurs langues. Si votre langue n\u2019en fait pas partie, veuillez contacter le coordonnateur de la non-discrimination. Pour ceux qui peuvent demander une rencontre en personne ou par t\u00e9l\u00e9phone : Sur demande, un traducteur sera fourni \u00e0 toute personne ayant une ma\u00eetrise limit\u00e9e de l\u2019anglais (LEP). Les services de traduction seront fournis en personne et par t\u00e9l\u00e9phone. L\u2019Autorit\u00e9 portuaire de G\u00e9orgie fera tout son possible pour accueillir le plus grand nombre possible de personnes LEP \u00e0 un moment donn\u00e9, mais il peut y avoir des limitations en fonction de la disponibilit\u00e9 des traducteurs.<\/span><\/li>\n<li>L\u2019Autorit\u00e9 portuaire de G\u00e9orgie s\u2019efforcera de fournir une traduction appropri\u00e9e \u00e0 ceux qui visitent. Nos traductions r\u00e9guli\u00e8res comprennent l\u2019espagnol, le mandarin, le tagalog, le fran\u00e7ais, l\u2019allemand, l\u2019hindi, le japonais, le cor\u00e9en, le portugais et le vietnamien. Ces langues servent la majorit\u00e9 des langues parl\u00e9es principalement, autres que l\u2019anglais, aux \u00c9tats-Unis.\n<ol style=\"list-style-type: lower-alpha;\">\n<li style=\"list-style-type: none;\">\n<ol>\n<li>Un examen des donn\u00e9es du recensement constitue une \u00e9tape importante pour comprendre le profil des personnes qui pourraient participer aux services offerts par les ports de G\u00e9orgie. Selon le Bureau du recensement des \u00c9tats-Unis, le programme d\u2019aide GPA LEP permettra une meilleure communication avec environ 26 452 847 citoyens qui parlent l\u2019anglais comme langue seconde, ce qui est class\u00e9 comme \u00ab moins que tr\u00e8s bien \u00bb aux \u00c9tats-Unis.<\/li>\n<li>Plus sp\u00e9cifiquement dans le comt\u00e9 de Chatham et la r\u00e9gion m\u00e9tropolitaine de Savannah, sur les 260 239 habitants du comt\u00e9 de Chatham, 23 824 parlent des langues autres que l\u2019anglais. Sur ces 23 824 citoyens, 9 560 sont cat\u00e9goris\u00e9s comme parlant anglais, \u00ab moins que tr\u00e8s bien \u00bb. Parmi les langues maternelles avec le plus grand nombre d\u2019individus LEP, l\u2019espagnol est la plus r\u00e9pandue avec environ 2,2% de la population totale. Les Vietnamiens sont la 2e population LEP<sup>la plus<\/sup> peupl\u00e9e avec environ 0,24 %, suivis des Chinois \u00e0 0,21 %, des Hindis \u00e0 0,14 % et des Cor\u00e9ens \u00e0 0,12 %.<\/li>\n<\/ol>\n<p>&nbsp;<\/p>\n<p><a href=\"https:\/\/data.census.gov\/table?q=B16001&amp;y=2022\">B16001 &#8211; Tableaux du Bureau du recensement<\/a><\/p>\n<p><a href=\"https:\/\/data.census.gov\/table\/ACSDT5Y2015.B16001?q=B16001&amp;g=050XX00US13051\">B16001 : LANGUE PARL\u00c9E \u00c0 LA MAISON PAR &#8230; &#8211; Census Bureau Table<\/a><\/p>\n<\/li>\n<\/ol>\n<p>&nbsp;<\/p>\n<\/li>\n<\/ol>\n<\/li>\n<li>Une fois qu\u2019une plainte est d\u00e9pos\u00e9e, un accus\u00e9 de r\u00e9ception sera envoy\u00e9 au plaignant dans les cinq (5) jours ouvrables.<\/li>\n<li>L\u2019AMP enqu\u00eatera rapidement sur la plainte et s\u2019efforcera de terminer l\u2019enqu\u00eate dans les 60 jours, mais peut prendre plus de temps si n\u00e9cessaire. Si de plus amples informations sont n\u00e9cessaires pour r\u00e9soudre l\u2019affaire, le coordonnateur de la non-discrimination peut contacter le plaignant, qui devra, dans la mesure du possible, r\u00e9pondre dans un d\u00e9lai de sept jours, ou dans tout autre d\u00e9lai raisonnable sp\u00e9cifi\u00e9 par l\u2019AMP. Le fait de ne pas fournir rapidement les informations demand\u00e9es peut entra\u00eener le rejet de la plainte ou la cl\u00f4ture de l\u2019enqu\u00eate. Une affaire peut \u00e9galement \u00eatre class\u00e9e administrativement si le plaignant ne souhaite plus poursuivre son dossier.<\/li>\n<li>\u00c0 la fin de l\u2019enqu\u00eate, GPA informera le plaignant des r\u00e9sultats de l\u2019enqu\u00eate.<\/li>\n<li>Si le plaignant souhaite faire appel de la d\u00e9cision, il dispose d\u2019un d\u00e9lai de dix (10) jours \u00e0 compter de la date de notification du r\u00e9sultat. pour ce faire. Les appels doivent \u00eatre interjet\u00e9s aupr\u00e8s du directeur des ressources humaines de GPA et seront tranch\u00e9s par lui.<\/li>\n<\/ol>\n<p>Le coordonnateur de la non-discrimination peut tenter de concilier et de r\u00e9soudre la plainte par une solution mutuellement acceptable. Toute r\u00e9solution informelle doit \u00eatre sign\u00e9e par le dirigeant principal des ressources humaines de GPA et le plaignant.<\/p>\n<p>Toutes les plaintes \u00e9crites re\u00e7ues par le coordonnateur de la non-discrimination, les appels adress\u00e9s au dirigeant principal des ressources humaines et les r\u00e9ponses de ces deux personnes seront conserv\u00e9es par l\u2019AMP pendant au moins trois (3) ans.<\/p>\n<p>Ces proc\u00e9dures ne limitent ni n\u2019emp\u00eachent le plaignant de d\u00e9poser une plainte officielle aupr\u00e8s d\u2019un organisme d\u2019application de la loi externe. En plus des proc\u00e9dures ci-dessus, toute personne qui estime avoir \u00e9t\u00e9 victime de discrimination \u00e0 l\u2019\u00e9gard d\u2019un programme ou d\u2019une activit\u00e9 de MPC peut communiquer avec l\u2019organisme f\u00e9d\u00e9ral appropri\u00e9.<\/p>\n<p>Si une personne dont l\u2019acc\u00e8s \u00e0 l\u2019AMP a \u00e9t\u00e9 approuv\u00e9 souhaite acc\u00e9der au campus ou au terminal de l\u2019autorit\u00e9 portuaire de G\u00e9orgie pour toute activit\u00e9 ext\u00e9rieure et qu\u2019elle aura besoin d\u2019un am\u00e9nagement raisonnable, veuillez contacter le coordonnateur de la non-discrimination.<\/p>\n<ol class=\"ol1\">\n<li class=\"li8\">Les demandes d\u2019accommodements raisonnables seront trait\u00e9es au cas par cas.<\/li>\n<li class=\"li8\">Toute demande d\u2019accommodement raisonnable re\u00e7ue par t\u00e9l\u00e9phone ou par courriel fera l\u2019objet d\u2019un accus\u00e9 de r\u00e9ception dans un d\u00e9lai de 5 jours ouvrables, soit par courriel, soit par t\u00e9l\u00e9phone.<\/li>\n<li class=\"li8\">Une fois les mesures d\u2019adaptation prises, le b\u00e9n\u00e9ficiaire sera avis\u00e9 pour confirmer que les param\u00e8tres de la mesure d\u2019adaptation r\u00e9pondront aux besoins de ses limitations.<\/li>\n<li class=\"li8\">Des mesures d\u2019adaptation provisoires seront prises si des solutions \u00e0 long terme ne peuvent \u00eatre apport\u00e9es imm\u00e9diatement.<\/li>\n<li class=\"li8\">Les dossiers des demandes et des mesures d\u2019adaptation subs\u00e9quentes seront conserv\u00e9s dans les dossiers des ressources humaines de GPA.<\/li>\n<li class=\"li9\">Pour obtenir une d\u00e9finition des limitations et des mesures d\u2019adaptation, veuillez consulter <a href=\"https:\/\/www.dol.gov\/agencies\/odep\/program-areas\/employers\/accommodations\"> <span class=\"s12\">la page Mesures d\u2019adaptation | U.S. Department of Labor (dol.gov)<\/span> <\/a><\/li>\n<\/ol>\n"}}],"mega_menu_style":"none"},"yoast_head":"<!-- This site is optimized with the Yoast SEO plugin v27.3 - https:\/\/yoast.com\/product\/yoast-seo-wordpress\/ -->\n<title>Titre VI et ADA - Georgia Ports Authority<\/title>\n<meta name=\"robots\" content=\"index, follow, max-snippet:-1, max-image-preview:large, max-video-preview:-1\" \/>\n<link rel=\"canonical\" href=\"https:\/\/gaports.com\/fr\/title-vi-and-ada\/\" \/>\n<meta property=\"og:locale\" content=\"fr_FR\" \/>\n<meta property=\"og:type\" content=\"article\" \/>\n<meta property=\"og:title\" content=\"Titre VI et ADA - Georgia Ports Authority\" \/>\n<meta property=\"og:description\" content=\"Proc\u00e9dure \u00e0 suivre pour les plaintes et les griefs de discrimination \u00e0 l\u2019\u00e9gard d\u2019autres personnes que des employ\u00e9s\" \/>\n<meta property=\"og:url\" content=\"https:\/\/gaports.com\/fr\/title-vi-and-ada\/\" \/>\n<meta property=\"og:site_name\" content=\"Georgia Ports Authority\" \/>\n<meta property=\"article:modified_time\" content=\"2024-07-01T08:49:41+00:00\" \/>\n<meta name=\"twitter:card\" content=\"summary_large_image\" \/>\n<script type=\"application\/ld+json\" class=\"yoast-schema-graph\">{\"@context\":\"https:\\\/\\\/schema.org\",\"@graph\":[{\"@type\":\"WebPage\",\"@id\":\"https:\\\/\\\/gaports.com\\\/fr\\\/title-vi-and-ada\\\/\",\"url\":\"https:\\\/\\\/gaports.com\\\/fr\\\/title-vi-and-ada\\\/\",\"name\":\"Titre VI et ADA - Georgia Ports Authority\",\"isPartOf\":{\"@id\":\"https:\\\/\\\/gaports.com\\\/#website\"},\"datePublished\":\"2023-10-30T15:38:59+00:00\",\"dateModified\":\"2024-07-01T08:49:41+00:00\",\"description\":\"Proc\u00e9dure \u00e0 suivre pour les plaintes et les griefs de discrimination \u00e0 l\u2019\u00e9gard d\u2019autres personnes que des employ\u00e9s\",\"breadcrumb\":{\"@id\":\"https:\\\/\\\/gaports.com\\\/fr\\\/title-vi-and-ada\\\/#breadcrumb\"},\"inLanguage\":\"fr-FR\",\"potentialAction\":[{\"@type\":\"ReadAction\",\"target\":[\"https:\\\/\\\/gaports.com\\\/fr\\\/title-vi-and-ada\\\/\"]}]},{\"@type\":\"BreadcrumbList\",\"@id\":\"https:\\\/\\\/gaports.com\\\/fr\\\/title-vi-and-ada\\\/#breadcrumb\",\"itemListElement\":[{\"@type\":\"ListItem\",\"position\":1,\"name\":\"Home\",\"item\":\"https:\\\/\\\/gaports.com\\\/\"},{\"@type\":\"ListItem\",\"position\":2,\"name\":\"Titre VI et ADA\"}]},{\"@type\":\"WebSite\",\"@id\":\"https:\\\/\\\/gaports.com\\\/#website\",\"url\":\"https:\\\/\\\/gaports.com\\\/\",\"name\":\"Georgia Ports Authority\",\"description\":\"Georgia Ports Authority official website with details on shipping ports in Georgia, port management, services, facilities, infrastructure, and operations statewide.\",\"potentialAction\":[{\"@type\":\"SearchAction\",\"target\":{\"@type\":\"EntryPoint\",\"urlTemplate\":\"https:\\\/\\\/gaports.com\\\/?s={search_term_string}\"},\"query-input\":{\"@type\":\"PropertyValueSpecification\",\"valueRequired\":true,\"valueName\":\"search_term_string\"}}],\"inLanguage\":\"fr-FR\"}]}<\/script>\n<!-- \/ Yoast SEO plugin. -->","yoast_head_json":{"title":"Titre VI et ADA - Georgia Ports Authority","robots":{"index":"index","follow":"follow","max-snippet":"max-snippet:-1","max-image-preview":"max-image-preview:large","max-video-preview":"max-video-preview:-1"},"canonical":"https:\/\/gaports.com\/fr\/title-vi-and-ada\/","og_locale":"fr_FR","og_type":"article","og_title":"Titre VI et ADA - Georgia Ports Authority","og_description":"Proc\u00e9dure \u00e0 suivre pour les plaintes et les griefs de discrimination \u00e0 l\u2019\u00e9gard d\u2019autres personnes que des employ\u00e9s","og_url":"https:\/\/gaports.com\/fr\/title-vi-and-ada\/","og_site_name":"Georgia Ports Authority","article_modified_time":"2024-07-01T08:49:41+00:00","twitter_card":"summary_large_image","schema":{"@context":"https:\/\/schema.org","@graph":[{"@type":"WebPage","@id":"https:\/\/gaports.com\/fr\/title-vi-and-ada\/","url":"https:\/\/gaports.com\/fr\/title-vi-and-ada\/","name":"Titre VI et ADA - Georgia Ports Authority","isPartOf":{"@id":"https:\/\/gaports.com\/#website"},"datePublished":"2023-10-30T15:38:59+00:00","dateModified":"2024-07-01T08:49:41+00:00","description":"Proc\u00e9dure \u00e0 suivre pour les plaintes et les griefs de discrimination \u00e0 l\u2019\u00e9gard d\u2019autres personnes que des employ\u00e9s","breadcrumb":{"@id":"https:\/\/gaports.com\/fr\/title-vi-and-ada\/#breadcrumb"},"inLanguage":"fr-FR","potentialAction":[{"@type":"ReadAction","target":["https:\/\/gaports.com\/fr\/title-vi-and-ada\/"]}]},{"@type":"BreadcrumbList","@id":"https:\/\/gaports.com\/fr\/title-vi-and-ada\/#breadcrumb","itemListElement":[{"@type":"ListItem","position":1,"name":"Home","item":"https:\/\/gaports.com\/"},{"@type":"ListItem","position":2,"name":"Titre VI et ADA"}]},{"@type":"WebSite","@id":"https:\/\/gaports.com\/#website","url":"https:\/\/gaports.com\/","name":"Georgia Ports Authority","description":"Georgia Ports Authority official website with details on shipping ports in Georgia, port management, services, facilities, infrastructure, and operations statewide.","potentialAction":[{"@type":"SearchAction","target":{"@type":"EntryPoint","urlTemplate":"https:\/\/gaports.com\/?s={search_term_string}"},"query-input":{"@type":"PropertyValueSpecification","valueRequired":true,"valueName":"search_term_string"}}],"inLanguage":"fr-FR"}]}},"_links":{"self":[{"href":"https:\/\/gaports.com\/fr\/wp-json\/wp\/v2\/pages\/821999","targetHints":{"allow":["GET"]}}],"collection":[{"href":"https:\/\/gaports.com\/fr\/wp-json\/wp\/v2\/pages"}],"about":[{"href":"https:\/\/gaports.com\/fr\/wp-json\/wp\/v2\/types\/page"}],"author":[{"embeddable":true,"href":"https:\/\/gaports.com\/fr\/wp-json\/wp\/v2\/users\/20"}],"replies":[{"embeddable":true,"href":"https:\/\/gaports.com\/fr\/wp-json\/wp\/v2\/comments?post=821999"}],"version-history":[{"count":0,"href":"https:\/\/gaports.com\/fr\/wp-json\/wp\/v2\/pages\/821999\/revisions"}],"wp:attachment":[{"href":"https:\/\/gaports.com\/fr\/wp-json\/wp\/v2\/media?parent=821999"}],"curies":[{"name":"wp","href":"https:\/\/api.w.org\/{rel}","templated":true}]}}