{"id":822056,"date":"2023-10-31T15:45:11","date_gmt":"2023-10-31T19:45:11","guid":{"rendered":"https:\/\/gaports.com\/equal-opportunity-employer\/non-employee-discrimination-complaint-form\/"},"modified":"2024-05-31T05:27:39","modified_gmt":"2024-05-31T09:27:39","slug":"non-employee-discrimination-complaint-form","status":"publish","type":"page","link":"https:\/\/gaports.com\/es\/title-vi-and-ada\/non-employee-discrimination-complaint-form\/","title":{"rendered":"Formulario de Queja de Discriminaci\u00f3n No Empleado"},"content":{"rendered":"<p>&nbsp;<\/p>\n<p>&nbsp;<\/p>\n","protected":false},"excerpt":{"rendered":"<p>&nbsp; &nbsp;<\/p>\n","protected":false},"author":20,"featured_media":0,"parent":822025,"menu_order":0,"comment_status":"closed","ping_status":"closed","template":"","meta":{"_acf_changed":false,"footnotes":""},"class_list":["post-822056","page","type-page","status-publish","hentry"],"acf":{"blocks":[{"acf_fc_layout":"hero","hero":{"size":"medium","title":"Formulario de Queja de Discriminaci\u00f3n No Empleada","subtitle":"","background":"image","background_color":"","background_image":{"ID":823397,"id":823397,"title":"flag","filename":"flag-8.jpg","filesize":124126,"url":"https:\/\/gaports.com\/wp-content\/uploads\/2023\/12\/flag-8.jpg","link":"https:\/\/gaports.com\/es\/equal-opportunity-employer\/flag\/","alt":"","author":"20","description":"","caption":"","name":"flag","status":"inherit","uploaded_to":55329,"date":"2023-12-06 14:27:19","modified":"2023-12-06 14:27:19","menu_order":0,"mime_type":"image\/jpeg","type":"image","subtype":"jpeg","icon":"https:\/\/gaports.com\/wp-includes\/images\/media\/default.png","width":1620,"height":1080,"sizes":{"thumbnail":"https:\/\/gaports.com\/wp-content\/uploads\/2023\/12\/flag-8-150x150.jpg","thumbnail-width":150,"thumbnail-height":150,"medium":"https:\/\/gaports.com\/wp-content\/uploads\/2023\/12\/flag-8-1024x683.jpg","medium-width":1024,"medium-height":683,"medium_large":"https:\/\/gaports.com\/wp-content\/uploads\/2023\/12\/flag-8-768x512.jpg","medium_large-width":640,"medium_large-height":427,"large":"https:\/\/gaports.com\/wp-content\/uploads\/2023\/12\/flag-8.jpg","large-width":640,"large-height":427,"1536x1536":"https:\/\/gaports.com\/wp-content\/uploads\/2023\/12\/flag-8-1536x1024.jpg","1536x1536-width":1536,"1536x1536-height":1024,"2048x2048":"https:\/\/gaports.com\/wp-content\/uploads\/2023\/12\/flag-8-2048x1366.jpg","2048x2048-width":2048,"2048x2048-height":1366}},"background_image_mobile":false,"background_video":false,"subnav_title":"","subnav":"true","subnav_menu":[{"subnav_link":{"title":"Descripci\u00f3n general","url":"https:\/\/gaports.com\/departments\/human-resources\/","target":""}},{"subnav_link":{"title":"Beneficios","url":"https:\/\/gaports.com\/departments\/human-resources\/benefits\/","target":""}},{"subnav_link":{"title":"Desarrollo de la fuerza laboral","url":"https:\/\/gaports.com\/departments\/human-resources\/workforce-development\/","target":""}},{"subnav_link":{"title":"\u00c9tica","url":"https:\/\/gaports.com\/departments\/human-resources\/ethics\/","target":""}},{"subnav_link":{"title":"Empleador de igualdad de oportunidades","url":"https:\/\/gaports.com\/es\/equal-opportunity-employer\/","target":""}},{"subnav_link":{"title":"Carreras","url":"https:\/\/recruiting.adp.com\/srccar\/public\/RTI.home?d=GPAExternalCareerSite&_icx=v02bE_OEapffF60O4aD4rfJiUQumRE4bBp4cnu9ljPaAth7%2FOo3NpBWlb4p41dwyF7M&c=2179107&_dissimuloSSO=eGsV73BNrQ4:fBcOlzrFMuuHw6UJ6jxRu-PBY3M","target":""}}],"breadcrumbs":"has-breadcrumbs","breadcrumb_link":{"title":"T\u00edtulo VI y ADA","url":"https:\/\/gaports.com\/es\/title-vi-and-ada\/","target":""},"extended_description":"","button_1":null,"button_2":null}},{"acf_fc_layout":"classic_editor","classic_editor":{"content":"<p>Si cree que ha sido discriminado por motivos de raza, color, origen nacional, edad, sexo o discapacidad en los programas o actividades de GPA, puede presentar una queja dentro del tiempo previsto por la ley. Para obtener m\u00e1s informaci\u00f3n, consulte el \u201c<a href=\"https:\/\/gaports.com\/es\/title-vi-and-ada\/\">Procedimiento para quejas\/quejas por discriminaci\u00f3n de no empleados de GPA. <\/a>\u201d o comun\u00edquese con el Coordinador de No Discriminaci\u00f3n identificado a continuaci\u00f3n.<\/p>\n<p>Cualquier persona que presente una queja o testifique, asista o participe en una investigaci\u00f3n, procedimiento o audiencia contra la discriminaci\u00f3n no podr\u00e1 ser intimidada ni tomar represalias por parte del Departamento con el prop\u00f3sito de interferir con cualquier derecho o privilegio garantizado por el Ley de Derechos Civiles de 1964, Secci\u00f3n 504 o cualquier otro estatuto de derechos civiles.<\/p>\n<p>&nbsp;<\/p>\n<p class=\"wpcf7-contact-form-not-found\"><strong>Error:<\/strong> Contact form not found.<\/p>\n<p>&nbsp;<\/p>\n"}}],"mega_menu_style":"none"},"yoast_head":"<!-- This site is optimized with the Yoast SEO plugin v27.3 - https:\/\/yoast.com\/product\/yoast-seo-wordpress\/ -->\n<title>Formulario de Queja de Discriminaci\u00f3n No Empleado - Georgia Ports Authority<\/title>\n<meta name=\"robots\" content=\"index, follow, max-snippet:-1, max-image-preview:large, max-video-preview:-1\" \/>\n<link rel=\"canonical\" href=\"https:\/\/gaports.com\/es\/title-vi-and-ada\/non-employee-discrimination-complaint-form\/\" \/>\n<meta property=\"og:locale\" content=\"es_ES\" \/>\n<meta property=\"og:type\" content=\"article\" \/>\n<meta property=\"og:title\" content=\"Formulario de Queja de Discriminaci\u00f3n No Empleado - Georgia Ports Authority\" \/>\n<meta property=\"og:description\" content=\"&nbsp; &nbsp;\" \/>\n<meta property=\"og:url\" content=\"https:\/\/gaports.com\/es\/title-vi-and-ada\/non-employee-discrimination-complaint-form\/\" \/>\n<meta property=\"og:site_name\" content=\"Georgia Ports Authority\" \/>\n<meta property=\"article:modified_time\" content=\"2024-05-31T09:27:39+00:00\" \/>\n<meta name=\"twitter:card\" content=\"summary_large_image\" \/>\n<script type=\"application\/ld+json\" class=\"yoast-schema-graph\">{\"@context\":\"https:\\\/\\\/schema.org\",\"@graph\":[{\"@type\":\"WebPage\",\"@id\":\"https:\\\/\\\/gaports.com\\\/es\\\/title-vi-and-ada\\\/non-employee-discrimination-complaint-form\\\/\",\"url\":\"https:\\\/\\\/gaports.com\\\/es\\\/title-vi-and-ada\\\/non-employee-discrimination-complaint-form\\\/\",\"name\":\"Formulario de Queja de Discriminaci\u00f3n No Empleado - Georgia Ports Authority\",\"isPartOf\":{\"@id\":\"https:\\\/\\\/gaports.com\\\/#website\"},\"datePublished\":\"2023-10-31T19:45:11+00:00\",\"dateModified\":\"2024-05-31T09:27:39+00:00\",\"breadcrumb\":{\"@id\":\"https:\\\/\\\/gaports.com\\\/es\\\/title-vi-and-ada\\\/non-employee-discrimination-complaint-form\\\/#breadcrumb\"},\"inLanguage\":\"es\",\"potentialAction\":[{\"@type\":\"ReadAction\",\"target\":[\"https:\\\/\\\/gaports.com\\\/es\\\/title-vi-and-ada\\\/non-employee-discrimination-complaint-form\\\/\"]}]},{\"@type\":\"BreadcrumbList\",\"@id\":\"https:\\\/\\\/gaports.com\\\/es\\\/title-vi-and-ada\\\/non-employee-discrimination-complaint-form\\\/#breadcrumb\",\"itemListElement\":[{\"@type\":\"ListItem\",\"position\":1,\"name\":\"Home\",\"item\":\"https:\\\/\\\/gaports.com\\\/\"},{\"@type\":\"ListItem\",\"position\":2,\"name\":\"T\u00edtulo VI y ADA\",\"item\":\"https:\\\/\\\/gaports.com\\\/es\\\/title-vi-and-ada\\\/\"},{\"@type\":\"ListItem\",\"position\":3,\"name\":\"Formulario de Queja de Discriminaci\u00f3n No Empleado\"}]},{\"@type\":\"WebSite\",\"@id\":\"https:\\\/\\\/gaports.com\\\/#website\",\"url\":\"https:\\\/\\\/gaports.com\\\/\",\"name\":\"Georgia Ports Authority\",\"description\":\"Georgia Ports Authority official website with details on shipping ports in Georgia, port management, services, facilities, infrastructure, and operations statewide.\",\"potentialAction\":[{\"@type\":\"SearchAction\",\"target\":{\"@type\":\"EntryPoint\",\"urlTemplate\":\"https:\\\/\\\/gaports.com\\\/?s={search_term_string}\"},\"query-input\":{\"@type\":\"PropertyValueSpecification\",\"valueRequired\":true,\"valueName\":\"search_term_string\"}}],\"inLanguage\":\"es\"}]}<\/script>\n<!-- \/ Yoast SEO plugin. -->","yoast_head_json":{"title":"Formulario de Queja de Discriminaci\u00f3n No Empleado - Georgia Ports Authority","robots":{"index":"index","follow":"follow","max-snippet":"max-snippet:-1","max-image-preview":"max-image-preview:large","max-video-preview":"max-video-preview:-1"},"canonical":"https:\/\/gaports.com\/es\/title-vi-and-ada\/non-employee-discrimination-complaint-form\/","og_locale":"es_ES","og_type":"article","og_title":"Formulario de Queja de Discriminaci\u00f3n No Empleado - Georgia Ports Authority","og_description":"&nbsp; &nbsp;","og_url":"https:\/\/gaports.com\/es\/title-vi-and-ada\/non-employee-discrimination-complaint-form\/","og_site_name":"Georgia Ports Authority","article_modified_time":"2024-05-31T09:27:39+00:00","twitter_card":"summary_large_image","schema":{"@context":"https:\/\/schema.org","@graph":[{"@type":"WebPage","@id":"https:\/\/gaports.com\/es\/title-vi-and-ada\/non-employee-discrimination-complaint-form\/","url":"https:\/\/gaports.com\/es\/title-vi-and-ada\/non-employee-discrimination-complaint-form\/","name":"Formulario de Queja de Discriminaci\u00f3n No Empleado - Georgia Ports Authority","isPartOf":{"@id":"https:\/\/gaports.com\/#website"},"datePublished":"2023-10-31T19:45:11+00:00","dateModified":"2024-05-31T09:27:39+00:00","breadcrumb":{"@id":"https:\/\/gaports.com\/es\/title-vi-and-ada\/non-employee-discrimination-complaint-form\/#breadcrumb"},"inLanguage":"es","potentialAction":[{"@type":"ReadAction","target":["https:\/\/gaports.com\/es\/title-vi-and-ada\/non-employee-discrimination-complaint-form\/"]}]},{"@type":"BreadcrumbList","@id":"https:\/\/gaports.com\/es\/title-vi-and-ada\/non-employee-discrimination-complaint-form\/#breadcrumb","itemListElement":[{"@type":"ListItem","position":1,"name":"Home","item":"https:\/\/gaports.com\/"},{"@type":"ListItem","position":2,"name":"T\u00edtulo VI y ADA","item":"https:\/\/gaports.com\/es\/title-vi-and-ada\/"},{"@type":"ListItem","position":3,"name":"Formulario de Queja de Discriminaci\u00f3n No Empleado"}]},{"@type":"WebSite","@id":"https:\/\/gaports.com\/#website","url":"https:\/\/gaports.com\/","name":"Georgia Ports Authority","description":"Georgia Ports Authority official website with details on shipping ports in Georgia, port management, services, facilities, infrastructure, and operations statewide.","potentialAction":[{"@type":"SearchAction","target":{"@type":"EntryPoint","urlTemplate":"https:\/\/gaports.com\/?s={search_term_string}"},"query-input":{"@type":"PropertyValueSpecification","valueRequired":true,"valueName":"search_term_string"}}],"inLanguage":"es"}]}},"_links":{"self":[{"href":"https:\/\/gaports.com\/es\/wp-json\/wp\/v2\/pages\/822056","targetHints":{"allow":["GET"]}}],"collection":[{"href":"https:\/\/gaports.com\/es\/wp-json\/wp\/v2\/pages"}],"about":[{"href":"https:\/\/gaports.com\/es\/wp-json\/wp\/v2\/types\/page"}],"author":[{"embeddable":true,"href":"https:\/\/gaports.com\/es\/wp-json\/wp\/v2\/users\/20"}],"replies":[{"embeddable":true,"href":"https:\/\/gaports.com\/es\/wp-json\/wp\/v2\/comments?post=822056"}],"version-history":[{"count":0,"href":"https:\/\/gaports.com\/es\/wp-json\/wp\/v2\/pages\/822056\/revisions"}],"up":[{"embeddable":true,"href":"https:\/\/gaports.com\/es\/wp-json\/wp\/v2\/pages\/822025"}],"wp:attachment":[{"href":"https:\/\/gaports.com\/es\/wp-json\/wp\/v2\/media?parent=822056"}],"curies":[{"name":"wp","href":"https:\/\/api.w.org\/{rel}","templated":true}]}}