{"id":55329,"date":"2020-02-14T13:43:51","date_gmt":"2020-02-14T18:43:51","guid":{"rendered":"https:\/\/gaports.com\/equal-opportunity-employer\/"},"modified":"2024-05-31T04:23:15","modified_gmt":"2024-05-31T08:23:15","slug":"equal-opportunity-employer","status":"publish","type":"page","link":"https:\/\/gaports.com\/es\/equal-opportunity-employer\/","title":{"rendered":"Empleador con Igualdad de Oportunidades &#8211; Ingl\u00e9s"},"content":{"rendered":"","protected":false},"excerpt":{"rendered":"","protected":false},"author":6,"featured_media":0,"parent":0,"menu_order":0,"comment_status":"closed","ping_status":"closed","template":"","meta":{"_acf_changed":false,"footnotes":""},"class_list":["post-55329","page","type-page","status-publish","hentry"],"acf":{"blocks":[{"acf_fc_layout":"hero","hero":{"size":"medium","title":"Igualdad de oportunidades","subtitle":"","background":"image","background_color":"","background_image":{"ID":823397,"id":823397,"title":"flag","filename":"flag-8.jpg","filesize":124126,"url":"https:\/\/gaports.com\/wp-content\/uploads\/2023\/12\/flag-8.jpg","link":"https:\/\/gaports.com\/es\/equal-opportunity-employer\/flag\/","alt":"","author":"20","description":"","caption":"","name":"flag","status":"inherit","uploaded_to":55329,"date":"2023-12-06 14:27:19","modified":"2023-12-06 14:27:19","menu_order":0,"mime_type":"image\/jpeg","type":"image","subtype":"jpeg","icon":"https:\/\/gaports.com\/wp-includes\/images\/media\/default.png","width":1620,"height":1080,"sizes":{"thumbnail":"https:\/\/gaports.com\/wp-content\/uploads\/2023\/12\/flag-8-150x150.jpg","thumbnail-width":150,"thumbnail-height":150,"medium":"https:\/\/gaports.com\/wp-content\/uploads\/2023\/12\/flag-8-1024x683.jpg","medium-width":1024,"medium-height":683,"medium_large":"https:\/\/gaports.com\/wp-content\/uploads\/2023\/12\/flag-8-768x512.jpg","medium_large-width":640,"medium_large-height":427,"large":"https:\/\/gaports.com\/wp-content\/uploads\/2023\/12\/flag-8.jpg","large-width":640,"large-height":427,"1536x1536":"https:\/\/gaports.com\/wp-content\/uploads\/2023\/12\/flag-8-1536x1024.jpg","1536x1536-width":1536,"1536x1536-height":1024,"2048x2048":"https:\/\/gaports.com\/wp-content\/uploads\/2023\/12\/flag-8-2048x1366.jpg","2048x2048-width":2048,"2048x2048-height":1366}},"background_image_mobile":false,"background_video":false,"subnav_title":"","subnav":"true","subnav_menu":[{"subnav_link":{"title":"Visi\u00f3n general","url":"https:\/\/gaports.com\/departments\/human-resources\/","target":""}},{"subnav_link":{"title":"Beneficios","url":"https:\/\/gaports.com\/departments\/human-resources\/benefits\/","target":""}},{"subnav_link":{"title":"Desarrollo de la mano de obra","url":"https:\/\/gaports.com\/departments\/human-resources\/workforce-development\/","target":""}},{"subnav_link":{"title":"\u00c9tica","url":"https:\/\/gaports.com\/departments\/human-resources\/ethics\/","target":""}},{"subnav_link":{"title":"Igualdad de oportunidades","url":"https:\/\/gaports.com\/departments\/human-resources\/equal-opportunity-employer\/","target":""}},{"subnav_link":{"title":"Carreras profesionales","url":"https:\/\/recruiting.adp.com\/srccar\/public\/RTI.home?d=GPAExternalCareerSite&_icx=v02bE_OEapffF60O4aD4rfJiUQumRE4bBp4cnu9ljPaAth7%2FOo3NpBWlb4p41dwyF7M&c=2179107&_dissimuloSSO=eGsV73BNrQ4:fBcOlzrFMuuHw6UJ6jxRu-PBY3M","target":""}}],"breadcrumbs":"has-breadcrumbs","breadcrumb_link":{"title":"Recursos Humanos","url":"https:\/\/gaports.com\/departments\/human-resources\/","target":""},"extended_description":"","button_1":null,"button_2":null}},{"acf_fc_layout":"classic_editor","classic_editor":{"content":"<p>La Autoridad Portuaria de Georgia es un empleador que ofrece igualdad de oportunidades, y la raza, el color, la religi\u00f3n, el sexo, la orientaci\u00f3n sexual, la edad, el origen nacional, la discapacidad, la condici\u00f3n de veterano, la informaci\u00f3n gen\u00e9tica, la afiliaci\u00f3n pol\u00edtica u otros factores no relacionados con el m\u00e9rito no son una consideraci\u00f3n para el empleo, la promoci\u00f3n, la transferencia, la degradaci\u00f3n, el tratamiento en el trabajo, el pago u otra compensaci\u00f3n, los beneficios, la capacitaci\u00f3n, la disciplina, los despidos o la terminaci\u00f3n. El Director de Recursos Humanos es designado Responsable de Igualdad de Oportunidades en el Empleo.<\/p>\n"}}],"mega_menu_style":"none"},"yoast_head":"<!-- This site is optimized with the Yoast SEO plugin v27.4 - https:\/\/yoast.com\/product\/yoast-seo-wordpress\/ -->\n<title>Empleador con Igualdad de Oportunidades - Ingl\u00e9s - Georgia Ports Authority<\/title>\n<meta name=\"robots\" content=\"index, follow, max-snippet:-1, max-image-preview:large, max-video-preview:-1\" \/>\n<link rel=\"canonical\" href=\"https:\/\/gaports.com\/es\/equal-opportunity-employer\/\" \/>\n<meta property=\"og:locale\" content=\"es_ES\" \/>\n<meta property=\"og:type\" content=\"article\" \/>\n<meta property=\"og:title\" content=\"Empleador con Igualdad de Oportunidades - Ingl\u00e9s - Georgia Ports Authority\" \/>\n<meta property=\"og:url\" content=\"https:\/\/gaports.com\/es\/equal-opportunity-employer\/\" \/>\n<meta property=\"og:site_name\" content=\"Georgia Ports Authority\" \/>\n<meta property=\"article:modified_time\" content=\"2024-05-31T08:23:15+00:00\" \/>\n<meta name=\"twitter:card\" content=\"summary_large_image\" \/>\n<script type=\"application\/ld+json\" class=\"yoast-schema-graph\">{\"@context\":\"https:\\\/\\\/schema.org\",\"@graph\":[{\"@type\":\"WebPage\",\"@id\":\"https:\\\/\\\/gaports.com\\\/es\\\/equal-opportunity-employer\\\/\",\"url\":\"https:\\\/\\\/gaports.com\\\/es\\\/equal-opportunity-employer\\\/\",\"name\":\"Empleador con Igualdad de Oportunidades - Ingl\u00e9s - Georgia Ports Authority\",\"isPartOf\":{\"@id\":\"https:\\\/\\\/gaports.com\\\/#website\"},\"datePublished\":\"2020-02-14T18:43:51+00:00\",\"dateModified\":\"2024-05-31T08:23:15+00:00\",\"breadcrumb\":{\"@id\":\"https:\\\/\\\/gaports.com\\\/es\\\/equal-opportunity-employer\\\/#breadcrumb\"},\"inLanguage\":\"es\",\"potentialAction\":[{\"@type\":\"ReadAction\",\"target\":[\"https:\\\/\\\/gaports.com\\\/es\\\/equal-opportunity-employer\\\/\"]}]},{\"@type\":\"BreadcrumbList\",\"@id\":\"https:\\\/\\\/gaports.com\\\/es\\\/equal-opportunity-employer\\\/#breadcrumb\",\"itemListElement\":[{\"@type\":\"ListItem\",\"position\":1,\"name\":\"Home\",\"item\":\"https:\\\/\\\/gaports.com\\\/\"},{\"@type\":\"ListItem\",\"position\":2,\"name\":\"Empleador con Igualdad de Oportunidades &#8211; Ingl\u00e9s\"}]},{\"@type\":\"WebSite\",\"@id\":\"https:\\\/\\\/gaports.com\\\/#website\",\"url\":\"https:\\\/\\\/gaports.com\\\/\",\"name\":\"Georgia Ports Authority\",\"description\":\"Georgia Ports Authority official website with details on shipping ports in Georgia, port management, services, facilities, infrastructure, and operations statewide.\",\"potentialAction\":[{\"@type\":\"SearchAction\",\"target\":{\"@type\":\"EntryPoint\",\"urlTemplate\":\"https:\\\/\\\/gaports.com\\\/?s={search_term_string}\"},\"query-input\":{\"@type\":\"PropertyValueSpecification\",\"valueRequired\":true,\"valueName\":\"search_term_string\"}}],\"inLanguage\":\"es\"}]}<\/script>\n<!-- \/ Yoast SEO plugin. -->","yoast_head_json":{"title":"Empleador con Igualdad de Oportunidades - Ingl\u00e9s - Georgia Ports Authority","robots":{"index":"index","follow":"follow","max-snippet":"max-snippet:-1","max-image-preview":"max-image-preview:large","max-video-preview":"max-video-preview:-1"},"canonical":"https:\/\/gaports.com\/es\/equal-opportunity-employer\/","og_locale":"es_ES","og_type":"article","og_title":"Empleador con Igualdad de Oportunidades - Ingl\u00e9s - Georgia Ports Authority","og_url":"https:\/\/gaports.com\/es\/equal-opportunity-employer\/","og_site_name":"Georgia Ports Authority","article_modified_time":"2024-05-31T08:23:15+00:00","twitter_card":"summary_large_image","schema":{"@context":"https:\/\/schema.org","@graph":[{"@type":"WebPage","@id":"https:\/\/gaports.com\/es\/equal-opportunity-employer\/","url":"https:\/\/gaports.com\/es\/equal-opportunity-employer\/","name":"Empleador con Igualdad de Oportunidades - Ingl\u00e9s - Georgia Ports Authority","isPartOf":{"@id":"https:\/\/gaports.com\/#website"},"datePublished":"2020-02-14T18:43:51+00:00","dateModified":"2024-05-31T08:23:15+00:00","breadcrumb":{"@id":"https:\/\/gaports.com\/es\/equal-opportunity-employer\/#breadcrumb"},"inLanguage":"es","potentialAction":[{"@type":"ReadAction","target":["https:\/\/gaports.com\/es\/equal-opportunity-employer\/"]}]},{"@type":"BreadcrumbList","@id":"https:\/\/gaports.com\/es\/equal-opportunity-employer\/#breadcrumb","itemListElement":[{"@type":"ListItem","position":1,"name":"Home","item":"https:\/\/gaports.com\/"},{"@type":"ListItem","position":2,"name":"Empleador con Igualdad de Oportunidades &#8211; Ingl\u00e9s"}]},{"@type":"WebSite","@id":"https:\/\/gaports.com\/#website","url":"https:\/\/gaports.com\/","name":"Georgia Ports Authority","description":"Georgia Ports Authority official website with details on shipping ports in Georgia, port management, services, facilities, infrastructure, and operations statewide.","potentialAction":[{"@type":"SearchAction","target":{"@type":"EntryPoint","urlTemplate":"https:\/\/gaports.com\/?s={search_term_string}"},"query-input":{"@type":"PropertyValueSpecification","valueRequired":true,"valueName":"search_term_string"}}],"inLanguage":"es"}]}},"_links":{"self":[{"href":"https:\/\/gaports.com\/es\/wp-json\/wp\/v2\/pages\/55329","targetHints":{"allow":["GET"]}}],"collection":[{"href":"https:\/\/gaports.com\/es\/wp-json\/wp\/v2\/pages"}],"about":[{"href":"https:\/\/gaports.com\/es\/wp-json\/wp\/v2\/types\/page"}],"author":[{"embeddable":true,"href":"https:\/\/gaports.com\/es\/wp-json\/wp\/v2\/users\/6"}],"replies":[{"embeddable":true,"href":"https:\/\/gaports.com\/es\/wp-json\/wp\/v2\/comments?post=55329"}],"version-history":[{"count":0,"href":"https:\/\/gaports.com\/es\/wp-json\/wp\/v2\/pages\/55329\/revisions"}],"wp:attachment":[{"href":"https:\/\/gaports.com\/es\/wp-json\/wp\/v2\/media?parent=55329"}],"curies":[{"name":"wp","href":"https:\/\/api.w.org\/{rel}","templated":true}]}}