{"id":822046,"date":"2023-10-31T15:45:11","date_gmt":"2023-10-31T19:45:11","guid":{"rendered":"https:\/\/gaports.com\/equal-opportunity-employer\/non-employee-discrimination-complaint-form\/"},"modified":"2024-05-31T05:23:05","modified_gmt":"2024-05-31T09:23:05","slug":"non-employee-discrimination-complaint-form","status":"publish","type":"page","link":"https:\/\/gaports.com\/de\/title-vi-and-ada\/non-employee-discrimination-complaint-form\/","title":{"rendered":"Formular zur Beschwerde wegen Nicht-Mitarbeiterdiskriminierung"},"content":{"rendered":"<p>&nbsp;<\/p>\n<p>&nbsp;<\/p>\n","protected":false},"excerpt":{"rendered":"<p>&nbsp; &nbsp;<\/p>\n","protected":false},"author":20,"featured_media":0,"parent":822002,"menu_order":0,"comment_status":"closed","ping_status":"closed","template":"","meta":{"_acf_changed":false,"footnotes":""},"class_list":["post-822046","page","type-page","status-publish","hentry"],"acf":{"blocks":[{"acf_fc_layout":"hero","hero":{"size":"medium","title":"Formular zur Beschwerde wegen Nicht-Arbeitnehmer-Diskriminierung","subtitle":"","background":"image","background_color":"","background_image":{"ID":823387,"id":823387,"title":"flag","filename":"flag-3.jpg","filesize":124126,"url":"https:\/\/gaports.com\/wp-content\/uploads\/2023\/12\/flag-3.jpg","link":"https:\/\/gaports.com\/de\/equal-opportunity-employer\/flag\/","alt":"","author":"20","description":"","caption":"","name":"flag","status":"inherit","uploaded_to":55324,"date":"2023-12-06 14:21:50","modified":"2023-12-06 14:21:50","menu_order":0,"mime_type":"image\/jpeg","type":"image","subtype":"jpeg","icon":"https:\/\/gaports.com\/wp-includes\/images\/media\/default.png","width":1620,"height":1080,"sizes":{"thumbnail":"https:\/\/gaports.com\/wp-content\/uploads\/2023\/12\/flag-3-150x150.jpg","thumbnail-width":150,"thumbnail-height":150,"medium":"https:\/\/gaports.com\/wp-content\/uploads\/2023\/12\/flag-3-1024x683.jpg","medium-width":1024,"medium-height":683,"medium_large":"https:\/\/gaports.com\/wp-content\/uploads\/2023\/12\/flag-3-768x512.jpg","medium_large-width":640,"medium_large-height":427,"large":"https:\/\/gaports.com\/wp-content\/uploads\/2023\/12\/flag-3.jpg","large-width":640,"large-height":427,"1536x1536":"https:\/\/gaports.com\/wp-content\/uploads\/2023\/12\/flag-3-1536x1024.jpg","1536x1536-width":1536,"1536x1536-height":1024,"2048x2048":"https:\/\/gaports.com\/wp-content\/uploads\/2023\/12\/flag-3-2048x1366.jpg","2048x2048-width":2048,"2048x2048-height":1366}},"background_image_mobile":false,"background_video":false,"subnav_title":"","subnav":"true","subnav_menu":[{"subnav_link":{"title":"\u00dcberblick","url":"https:\/\/gaports.com\/departments\/human-resources\/","target":""}},{"subnav_link":{"title":"Vorteile","url":"https:\/\/gaports.com\/departments\/human-resources\/benefits\/","target":""}},{"subnav_link":{"title":"Personalentwicklung","url":"https:\/\/gaports.com\/departments\/human-resources\/workforce-development\/","target":""}},{"subnav_link":{"title":"Ethik","url":"https:\/\/gaports.com\/departments\/human-resources\/ethics\/","target":""}},{"subnav_link":{"title":"Chancengleichheit f\u00fcr alle Mitarbeiter","url":"https:\/\/gaports.com\/de\/equal-opportunity-employer\/","target":""}},{"subnav_link":{"title":"Karriere","url":"https:\/\/recruiting.adp.com\/srccar\/public\/RTI.home?d=GPAExternalCareerSite&_icx=v02bE_OEapffF60O4aD4rfJiUQumRE4bBp4cnu9ljPaAth7%2FOo3NpBWlb4p41dwyF7M&c=2179107&_dissimuloSSO=eGsV73BNrQ4:fBcOlzrFMuuHw6UJ6jxRu-PBY3M","target":""}}],"breadcrumbs":"has-breadcrumbs","breadcrumb_link":{"title":"Titel VI und ADA","url":"https:\/\/gaports.com\/de\/title-vi-and-ada\/","target":""},"extended_description":"","button_1":null,"button_2":null}},{"acf_fc_layout":"classic_editor","classic_editor":{"content":"<p>Wenn Sie glauben, dass Sie in den Programmen oder Aktivit\u00e4ten der GPA aufgrund von Rasse, Hautfarbe, nationaler Herkunft, Alter, Geschlecht oder Behinderung diskriminiert wurden, k\u00f6nnen Sie innerhalb der gesetzlich vorgesehenen Frist eine Beschwerde einreichen. Weitere Informationen finden Sie im <a href=\"https:\/\/gaports.com\/de\/title-vi-and-ada\/\">GPA-Verfahren f\u00fcr Beschwerden\/Beschwerden wegen Nicht-Arbeitnehmer-Diskriminierung<\/a> oder wenden Sie sich an den unten aufgef\u00fchrten Antidiskriminierungskoordinator.<\/p>\n<p>Jede Person, die eine Beschwerde einreicht oder aussagt, unterst\u00fctzt oder an einer Untersuchung, einem Verfahren oder einer Anh\u00f6rung zum Thema Nichtdiskriminierung teilnimmt, darf vom Ministerium nicht eingesch\u00fcchtert oder mit Vergeltungsma\u00dfnahmen belegt werden, um in die durch das Ministerium garantierten Rechte oder Privilegien einzugreifen Civil Rights Act von 1964, Abschnitt 504, oder ein anderes B\u00fcrgerrechtsgesetz.<\/p>\n<p>&nbsp;<\/p>\n<p class=\"wpcf7-contact-form-not-found\"><strong>Error:<\/strong> Contact form not found.<\/p>\n<p>&nbsp;<\/p>\n"}}],"mega_menu_style":"none"},"yoast_head":"<!-- This site is optimized with the Yoast SEO plugin v27.3 - https:\/\/yoast.com\/product\/yoast-seo-wordpress\/ -->\n<title>Formular zur Beschwerde wegen Nicht-Mitarbeiterdiskriminierung - Georgia Ports Authority<\/title>\n<meta name=\"robots\" content=\"index, follow, max-snippet:-1, max-image-preview:large, max-video-preview:-1\" \/>\n<link rel=\"canonical\" href=\"https:\/\/gaports.com\/de\/title-vi-and-ada\/non-employee-discrimination-complaint-form\/\" \/>\n<meta property=\"og:locale\" content=\"de_DE\" \/>\n<meta property=\"og:type\" content=\"article\" \/>\n<meta property=\"og:title\" content=\"Formular zur Beschwerde wegen Nicht-Mitarbeiterdiskriminierung - Georgia Ports Authority\" \/>\n<meta property=\"og:description\" content=\"&nbsp; &nbsp;\" \/>\n<meta property=\"og:url\" content=\"https:\/\/gaports.com\/de\/title-vi-and-ada\/non-employee-discrimination-complaint-form\/\" \/>\n<meta property=\"og:site_name\" content=\"Georgia Ports Authority\" \/>\n<meta property=\"article:modified_time\" content=\"2024-05-31T09:23:05+00:00\" \/>\n<meta name=\"twitter:card\" content=\"summary_large_image\" \/>\n<script type=\"application\/ld+json\" class=\"yoast-schema-graph\">{\"@context\":\"https:\\\/\\\/schema.org\",\"@graph\":[{\"@type\":\"WebPage\",\"@id\":\"https:\\\/\\\/gaports.com\\\/de\\\/title-vi-and-ada\\\/non-employee-discrimination-complaint-form\\\/\",\"url\":\"https:\\\/\\\/gaports.com\\\/de\\\/title-vi-and-ada\\\/non-employee-discrimination-complaint-form\\\/\",\"name\":\"Formular zur Beschwerde wegen Nicht-Mitarbeiterdiskriminierung - Georgia Ports Authority\",\"isPartOf\":{\"@id\":\"https:\\\/\\\/gaports.com\\\/#website\"},\"datePublished\":\"2023-10-31T19:45:11+00:00\",\"dateModified\":\"2024-05-31T09:23:05+00:00\",\"breadcrumb\":{\"@id\":\"https:\\\/\\\/gaports.com\\\/de\\\/title-vi-and-ada\\\/non-employee-discrimination-complaint-form\\\/#breadcrumb\"},\"inLanguage\":\"de-DE\",\"potentialAction\":[{\"@type\":\"ReadAction\",\"target\":[\"https:\\\/\\\/gaports.com\\\/de\\\/title-vi-and-ada\\\/non-employee-discrimination-complaint-form\\\/\"]}]},{\"@type\":\"BreadcrumbList\",\"@id\":\"https:\\\/\\\/gaports.com\\\/de\\\/title-vi-and-ada\\\/non-employee-discrimination-complaint-form\\\/#breadcrumb\",\"itemListElement\":[{\"@type\":\"ListItem\",\"position\":1,\"name\":\"Home\",\"item\":\"https:\\\/\\\/gaports.com\\\/\"},{\"@type\":\"ListItem\",\"position\":2,\"name\":\"Titel VI und ADA\",\"item\":\"https:\\\/\\\/gaports.com\\\/de\\\/title-vi-and-ada\\\/\"},{\"@type\":\"ListItem\",\"position\":3,\"name\":\"Formular zur Beschwerde wegen Nicht-Mitarbeiterdiskriminierung\"}]},{\"@type\":\"WebSite\",\"@id\":\"https:\\\/\\\/gaports.com\\\/#website\",\"url\":\"https:\\\/\\\/gaports.com\\\/\",\"name\":\"Georgia Ports Authority\",\"description\":\"Georgia Ports Authority official website with details on shipping ports in Georgia, port management, services, facilities, infrastructure, and operations statewide.\",\"potentialAction\":[{\"@type\":\"SearchAction\",\"target\":{\"@type\":\"EntryPoint\",\"urlTemplate\":\"https:\\\/\\\/gaports.com\\\/?s={search_term_string}\"},\"query-input\":{\"@type\":\"PropertyValueSpecification\",\"valueRequired\":true,\"valueName\":\"search_term_string\"}}],\"inLanguage\":\"de-DE\"}]}<\/script>\n<!-- \/ Yoast SEO plugin. -->","yoast_head_json":{"title":"Formular zur Beschwerde wegen Nicht-Mitarbeiterdiskriminierung - Georgia Ports Authority","robots":{"index":"index","follow":"follow","max-snippet":"max-snippet:-1","max-image-preview":"max-image-preview:large","max-video-preview":"max-video-preview:-1"},"canonical":"https:\/\/gaports.com\/de\/title-vi-and-ada\/non-employee-discrimination-complaint-form\/","og_locale":"de_DE","og_type":"article","og_title":"Formular zur Beschwerde wegen Nicht-Mitarbeiterdiskriminierung - Georgia Ports Authority","og_description":"&nbsp; &nbsp;","og_url":"https:\/\/gaports.com\/de\/title-vi-and-ada\/non-employee-discrimination-complaint-form\/","og_site_name":"Georgia Ports Authority","article_modified_time":"2024-05-31T09:23:05+00:00","twitter_card":"summary_large_image","schema":{"@context":"https:\/\/schema.org","@graph":[{"@type":"WebPage","@id":"https:\/\/gaports.com\/de\/title-vi-and-ada\/non-employee-discrimination-complaint-form\/","url":"https:\/\/gaports.com\/de\/title-vi-and-ada\/non-employee-discrimination-complaint-form\/","name":"Formular zur Beschwerde wegen Nicht-Mitarbeiterdiskriminierung - Georgia Ports Authority","isPartOf":{"@id":"https:\/\/gaports.com\/#website"},"datePublished":"2023-10-31T19:45:11+00:00","dateModified":"2024-05-31T09:23:05+00:00","breadcrumb":{"@id":"https:\/\/gaports.com\/de\/title-vi-and-ada\/non-employee-discrimination-complaint-form\/#breadcrumb"},"inLanguage":"de-DE","potentialAction":[{"@type":"ReadAction","target":["https:\/\/gaports.com\/de\/title-vi-and-ada\/non-employee-discrimination-complaint-form\/"]}]},{"@type":"BreadcrumbList","@id":"https:\/\/gaports.com\/de\/title-vi-and-ada\/non-employee-discrimination-complaint-form\/#breadcrumb","itemListElement":[{"@type":"ListItem","position":1,"name":"Home","item":"https:\/\/gaports.com\/"},{"@type":"ListItem","position":2,"name":"Titel VI und ADA","item":"https:\/\/gaports.com\/de\/title-vi-and-ada\/"},{"@type":"ListItem","position":3,"name":"Formular zur Beschwerde wegen Nicht-Mitarbeiterdiskriminierung"}]},{"@type":"WebSite","@id":"https:\/\/gaports.com\/#website","url":"https:\/\/gaports.com\/","name":"Georgia Ports Authority","description":"Georgia Ports Authority official website with details on shipping ports in Georgia, port management, services, facilities, infrastructure, and operations statewide.","potentialAction":[{"@type":"SearchAction","target":{"@type":"EntryPoint","urlTemplate":"https:\/\/gaports.com\/?s={search_term_string}"},"query-input":{"@type":"PropertyValueSpecification","valueRequired":true,"valueName":"search_term_string"}}],"inLanguage":"de-DE"}]}},"_links":{"self":[{"href":"https:\/\/gaports.com\/de\/wp-json\/wp\/v2\/pages\/822046","targetHints":{"allow":["GET"]}}],"collection":[{"href":"https:\/\/gaports.com\/de\/wp-json\/wp\/v2\/pages"}],"about":[{"href":"https:\/\/gaports.com\/de\/wp-json\/wp\/v2\/types\/page"}],"author":[{"embeddable":true,"href":"https:\/\/gaports.com\/de\/wp-json\/wp\/v2\/users\/20"}],"replies":[{"embeddable":true,"href":"https:\/\/gaports.com\/de\/wp-json\/wp\/v2\/comments?post=822046"}],"version-history":[{"count":0,"href":"https:\/\/gaports.com\/de\/wp-json\/wp\/v2\/pages\/822046\/revisions"}],"up":[{"embeddable":true,"href":"https:\/\/gaports.com\/de\/wp-json\/wp\/v2\/pages\/822002"}],"wp:attachment":[{"href":"https:\/\/gaports.com\/de\/wp-json\/wp\/v2\/media?parent=822046"}],"curies":[{"name":"wp","href":"https:\/\/api.w.org\/{rel}","templated":true}]}}