{"id":822002,"date":"2023-10-30T11:38:59","date_gmt":"2023-10-30T15:38:59","guid":{"rendered":"https:\/\/gaports.com\/equal-opportunity-employer\/procedure-for-non-employee-discrimination-complaints-grievances\/"},"modified":"2024-07-01T04:52:53","modified_gmt":"2024-07-01T08:52:53","slug":"title-vi-and-ada","status":"publish","type":"page","link":"https:\/\/gaports.com\/de\/title-vi-and-ada\/","title":{"rendered":"Titel VI und ADA"},"content":{"rendered":"<p>&nbsp;<\/p>\n<p>&nbsp;<\/p>\n","protected":false},"excerpt":{"rendered":"<p>&nbsp; &nbsp;<\/p>\n","protected":false},"author":20,"featured_media":0,"parent":0,"menu_order":0,"comment_status":"closed","ping_status":"closed","template":"","meta":{"_acf_changed":false,"footnotes":""},"class_list":["post-822002","page","type-page","status-publish","hentry"],"acf":{"blocks":[{"acf_fc_layout":"hero","hero":{"size":"medium","title":"Titel VI und ADA","subtitle":"","background":"image","background_color":"","background_image":{"ID":823387,"id":823387,"title":"flag","filename":"flag-3.jpg","filesize":124126,"url":"https:\/\/gaports.com\/wp-content\/uploads\/2023\/12\/flag-3.jpg","link":"https:\/\/gaports.com\/de\/equal-opportunity-employer\/flag\/","alt":"","author":"20","description":"","caption":"","name":"flag","status":"inherit","uploaded_to":55324,"date":"2023-12-06 14:21:50","modified":"2023-12-06 14:21:50","menu_order":0,"mime_type":"image\/jpeg","type":"image","subtype":"jpeg","icon":"https:\/\/gaports.com\/wp-includes\/images\/media\/default.png","width":1620,"height":1080,"sizes":{"thumbnail":"https:\/\/gaports.com\/wp-content\/uploads\/2023\/12\/flag-3-150x150.jpg","thumbnail-width":150,"thumbnail-height":150,"medium":"https:\/\/gaports.com\/wp-content\/uploads\/2023\/12\/flag-3-1024x683.jpg","medium-width":1024,"medium-height":683,"medium_large":"https:\/\/gaports.com\/wp-content\/uploads\/2023\/12\/flag-3-768x512.jpg","medium_large-width":640,"medium_large-height":427,"large":"https:\/\/gaports.com\/wp-content\/uploads\/2023\/12\/flag-3.jpg","large-width":640,"large-height":427,"1536x1536":"https:\/\/gaports.com\/wp-content\/uploads\/2023\/12\/flag-3-1536x1024.jpg","1536x1536-width":1536,"1536x1536-height":1024,"2048x2048":"https:\/\/gaports.com\/wp-content\/uploads\/2023\/12\/flag-3-2048x1366.jpg","2048x2048-width":2048,"2048x2048-height":1366}},"background_image_mobile":false,"background_video":false,"subnav_title":"","subnav":"true","subnav_menu":[{"subnav_link":{"title":"\u00dcbersicht","url":"https:\/\/gaports.com\/departments\/human-resources\/","target":""}},{"subnav_link":{"title":"Vorteile","url":"https:\/\/gaports.com\/departments\/human-resources\/benefits\/","target":""}},{"subnav_link":{"title":"Entwicklung der Arbeitskr\u00e4fte","url":"https:\/\/gaports.com\/departments\/human-resources\/workforce-development\/","target":""}},{"subnav_link":{"title":"Ethik","url":"https:\/\/gaports.com\/departments\/human-resources\/ethics\/","target":""}},{"subnav_link":{"title":"Arbeitgeber mit Chancengleichheit","url":"https:\/\/gaports.com\/departments\/human-resources\/equal-opportunity-employer\/","target":""}},{"subnav_link":{"title":"Karriere","url":"https:\/\/recruiting.adp.com\/srccar\/public\/RTI.home?d=GPAExternalCareerSite&_icx=v02bE_OEapffF60O4aD4rfJiUQumRE4bBp4cnu9ljPaAth7%2FOo3NpBWlb4p41dwyF7M&c=2179107&_dissimuloSSO=eGsV73BNrQ4:fBcOlzrFMuuHw6UJ6jxRu-PBY3M","target":""}}],"breadcrumbs":"has-breadcrumbs","breadcrumb_link":{"title":"Personalwesen","url":"https:\/\/gaports.com\/departments\/human-resources\/","target":""},"extended_description":"","button_1":null,"button_2":null}},{"acf_fc_layout":"classic_editor","classic_editor":{"content":"<p><strong>Sprach\u00fcbersetzungen vor Ort werden von Language Line Services, LLC angeboten.<\/strong><\/p>\n<p><a href=\"https:\/\/gaports.com\/de\/title-vi-and-ada\/non-employee-discrimination-complaint-form\/\" data-turbolinks=\"false\" data-uw-rm-brl=\"PR\" data-uw-original-href=\"https:\/\/gaports.com\/departments\/human-resources\/equal-opportunity-employer\/non-employee-discrimination-complaint-form\/\">Beschwerdeformular zur Nichtdiskriminierung<\/a><\/p>\n<p><a href=\"\/wp-content\/uploads\/2024\/07\/Non-Employee-Discrimination-Complaint-Form-05202024de.pdf\" target=\"_blank\" rel=\"noopener\" data-turbolinks=\"false\" data-uw-rm-brl=\"PR\" data-uw-original-href=\"https:\/\/gaports.com\/departments\/human-resources\/equal-opportunity-employer\/non-employee-discrimination-complaint-form\/\">Nichtdiskriminierung PDF-Formular<\/a><\/p>\n<p>F\u00fcr Beschwerden \u00fcber Diskriminierung von Nicht-Besch\u00e4ftigten gelten die unten aufgef\u00fchrten Beschwerdeverfahren.<\/p>\n<p>Die Georgia Ports Authority (GPA) h\u00e4lt sich an alle geltenden Gesetze und Vorschriften und diskriminiert bei der Verwaltung ihrer Programme oder Aktivit\u00e4ten nicht aufgrund von Rasse, Hautfarbe, nationaler Herkunft, Behinderung, Alter oder Geschlecht. Die GPA ist verantwortlich f\u00fcr die Koordinierung der Compliance-Bem\u00fchungen und die Entgegennahme von Anfragen zu den Nichtdiskriminierungsanforderungen von Titel VI des Civil Rights Act von 1964 in der jeweils g\u00fcltigen Fassung. \u00a7 504 des Rehabilitierungsgesetzes von 1973; das Gesetz zur Altersdiskriminierung von 1975; Titel IX der Education Amendments von 1972; Titel II des Americans with Disabilities Act von 1990; und andere anwendbare Antidiskriminierungsgesetze des Bundes, einschlie\u00dflich, aber nicht beschr\u00e4nkt auf Abschnitt 13 der Federal Water Pollution Control Act Amendments von 1972 und 40 C.F.R. Teile 5 und 7 (im Folgenden zusammenfassend als Antidiskriminierungsgesetze des Bundes bezeichnet).<\/p>\n<p>In diesem Dokument werden Beschwerdeverfahren f\u00fcr Nicht-Mitarbeiter im Zusammenhang mit der Bereitstellung von Programmen und Dienstleistungen durch die GPA beschrieben. (Die Verfahren der GPA f\u00fcr Mitarbeiter, sich \u00fcber besch\u00e4ftigungsbezogene Angelegenheiten zu beschweren, sind in einer separaten Richtlinie festgelegt). Der Antidiskriminierungskoordinator der GPA (siehe unten) ist f\u00fcr die Koordinierung und Aufsicht \u00fcber die Antidiskriminierungsgesetze des Bundes verantwortlich. Der Antidiskriminierungskoordinator und\/oder sein Beauftragter nimmt Beschwerden entgegen und pr\u00fcft sie, kommuniziert mit Beschwerdef\u00fchrern, untersucht Beschwerden oder veranlasst die Untersuchung von Beschwerden, stellt Briefe und Mitteilungen aus und f\u00fchrt andere Ma\u00dfnahmen durch, die erforderlich sind, um die Verpflichtungen der GPA gem\u00e4\u00df den Bundesgesetzen zur Nichtdiskriminierung zu erf\u00fcllen.<\/p>\n<ul style=\"list-style-type: none;\">\n<li style=\"text-align: center;\">Tiphani Lee<\/li>\n<li style=\"text-align: center;\">Koordinator f\u00fcr Nichtdiskriminierung<\/li>\n<li style=\"text-align: center;\">82 Hauptstra\u00dfe<\/li>\n<li style=\"text-align: center;\">Garden City, Georgia 31408<\/li>\n<li style=\"text-align: center;\"><a href=\"mailto:Tlee@gaports.com\"><span class=\"s1\">Tlee@gaports.com<\/span><\/a><\/li>\n<li style=\"text-align: center;\">(912) 963-5569<\/li>\n<li>\u00a0<\/li>\n<\/ul>\n<p>Jede Person, die der Meinung ist, dass sie in Bezug auf ein GPA-Programm oder eine GPA-Aktivit\u00e4t diskriminiert wurde, kann eine Beschwerde \u00fcber die folgenden Verfahren einreichen. Es wird eine angemessene, unverz\u00fcgliche und unparteiische Untersuchung der eingereichten Vorw\u00fcrfe durchgef\u00fchrt.<\/p>\n<p>Jede Person, die eine Beschwerde einreicht oder aussagt, unterst\u00fctzt oder an einer Diskriminierungsuntersuchung, einem Verfahren oder einer Anh\u00f6rung teilnimmt, darf von der GPA oder ihren Mitarbeitern nicht eingesch\u00fcchtert oder Vergeltungsma\u00dfnahmen ergriffen werden, um in gesetzlich garantierte Rechte oder Privilegien einzugreifen, einschlie\u00dflich des Civil Rights Act von 1964, Abschnitt 504 oder anderer B\u00fcrgerrechtsgesetze. oder per GPA.<\/p>\n<p>Die Verfahren der GPA f\u00fcr Beschwerden \u00fcber Nicht-Mitarbeiterdiskriminierung und Vergeltungsma\u00dfnahmen lauten wie folgt:<\/p>\n<ol class=\"ol1\">\n<li class=\"li9\">Jede Person, die der Meinung ist, dass sie diskriminiert wurde, kann eine schriftliche Beschwerde beim Antidiskriminierungskoordinator der GPA einreichen.\n<ol class=\"ol2\" style=\"list-style-type: lower-alpha;\">\n<li class=\"li9\">Beschwerdef\u00fchrer haben auch das Recht, sich direkt bei der zust\u00e4ndigen Bundes- oder anderen Regierungsbeh\u00f6rde zu beschweren; Der Beschwerdef\u00fchrer muss dies jedoch innerhalb der gesetzlich vorgesehenen Frist tun.<\/li>\n<\/ol>\n<\/li>\n<li class=\"li9\">Der Beschwerdef\u00fchrer kann das Beschwerdeformular unter <a href=\"https:\/\/www.gaports.com\/\">www.gaports.com <\/a>herunterladen oder das Beschwerdeformular beim Antidiskriminierungskoordinator anfordern. Anstelle des Beschwerdeformulars kann der Beschwerdef\u00fchrer dem Antidiskriminierungskoordinator eine schriftliche Erkl\u00e4rung vorlegen, die alle in den Abschnitten 3a bis 3f genannten Informationen enth\u00e4lt.<\/li>\n<li class=\"li10\">Die Beschwerde sollte, sofern bekannt, folgende Informationen enthalten:\n<ol class=\"ol2\" style=\"list-style-type: lower-alpha;\">\n<li class=\"li11\">Name, Anschrift und Telefonnummer des Beschwerdef\u00fchrers.<\/li>\n<li class=\"li12\">Die Grundlage der angeblichen Diskriminierung (d. h. Rasse, Hautfarbe, nationale Herkunft, Geschlecht, Alter oder Behinderung).<\/li>\n<li class=\"li13\">Das Datum oder die Daten, an denen das oder die mutma\u00dflichen diskriminierenden Ereignisse eingetreten sind.<\/li>\n<li class=\"li9\">Beschreibung des angeblichen Vorfalls, einschlie\u00dflich der Gr\u00fcnde, warum der Beschwerdef\u00fchrer das Gef\u00fchl hatte, dass Diskriminierung ein Faktor war.<\/li>\n<li class=\"li9\">Namen, Adressen und Telefonnummern von Personen, die Kenntnis von der Veranstaltung haben k\u00f6nnten.<\/li>\n<li class=\"li9\">Wenn eine Beschwerde bei einer Beh\u00f6rde oder einem Gericht eingereicht wurde, die Beh\u00f6rde oder das Gericht, bei der sie eingereicht wurde, und den Namen des Kontakts.<\/li>\n<li class=\"li14\">Unterschrift und Datum des Beschwerdef\u00fchrers.<\/li>\n<\/ol>\n<\/li>\n<li>Wenn der Beschwerdef\u00fchrer nicht in der Lage ist, ein Beschwerdeformular oder eine schriftliche Beschwerde einzureichen, sollte der Koordinator f\u00fcr Nichtdiskriminierung kontaktiert werden.\n<ol class=\"ol2\">\n<li class=\"li12\">Die GPA wird in ihren Richtlinien und Verfahren angemessene Vorkehrungen treffen, die notwendig sind, um einer Person mit Behinderungen vollen Zugang zur Einreichung von Beschwerden und zum Ermittlungsverfahren zu gew\u00e4hren. Zu diesen Vorkehrungen geh\u00f6ren unter anderem Gro\u00dfdruck, Brailleschrift, Tonb\u00e4nder oder die Unterst\u00fctzung des Beschwerdef\u00fchrers bei der Vorbereitung seiner schriftlichen Beschwerde. Jeder, der eine solche Unterbringung ben\u00f6tigt, kann sich auf dem besten Weg an den Antidiskriminierungskoordinator wenden.<\/li>\n<li><span class=\"s11\">Wenn Englisch nicht Ihre Hauptsprache ist und Sie Schwierigkeiten haben, effektiv auf Englisch zu kommunizieren, ben\u00f6tigen Sie m\u00f6glicherweise einen Dolmetscher oder eine Dokumenten\u00fcbersetzung, um einen sinnvollen Zugang zur Georgia Ports Authority zu erhalten. Wenn Sie Vorkehrungen auf der Grundlage von Sprachkenntnissen ben\u00f6tigen, wenden Sie sich bitte telefonisch oder per E-Mail an die Antidiskriminierungskoordinatorin, damit Ressourcen f\u00fcr eine ausreichende Kommunikation bereitgestellt werden k\u00f6nnen. Die \u00dcbersetzung der Dokumente erfolgt online \u00fcber das \u00dcbersetzungstool. Es werden mehrsprachige Angebote des Verfahrens f\u00fcr Beschwerden\/Beschwerden \u00fcber Nichtdiskriminierung von Mitarbeitern bereitgestellt. Wenn Ihre Sprache nicht dazu geh\u00f6rt, wenden Sie sich bitte an den Antidiskriminierungskoordinator. F\u00fcr diejenigen, die ein pers\u00f6nliches oder telefonisches Treffen w\u00fcnschen: Auf Anfrage wird jeder Person mit begrenzten Englischkenntnissen (LEP) ein \u00dcbersetzer zur Verf\u00fcgung gestellt. \u00dcbersetzungsdienste werden sowohl pers\u00f6nlich als auch telefonisch erbracht. Die Georgia Ports Authority wird alle Anstrengungen unternehmen, um so viele LEP-Personen wie m\u00f6glich gleichzeitig unterzubringen, es kann jedoch Einschr\u00e4nkungen aufgrund der Verf\u00fcgbarkeit von \u00dcbersetzern geben.<\/span><\/li>\n<li>Die Georgia Ports Authority wird alle Anstrengungen unternehmen, um den Besuchern eine angemessene \u00dcbersetzung zur Verf\u00fcgung zu stellen. Zu unseren regelm\u00e4\u00dfig angebotenen Sprach\u00fcbersetzungen geh\u00f6ren Spanisch, Mandarin, Tagalog, Franz\u00f6sisch, Deutsch, Hindi, Japanisch, Koreanisch, Portugiesisch und Vietnamesisch. Diese Sprachen bedienen die Mehrheit der prim\u00e4r gesprochenen Sprachen au\u00dfer Englisch in den Vereinigten Staaten.\n<ol style=\"list-style-type: lower-alpha;\">\n<li style=\"list-style-type: none;\">\n<ol>\n<li>Ein wichtiger Schritt, um das Profil der Personen zu verstehen, die an den von den Georgia Ports angebotenen Dienstleistungen teilnehmen k\u00f6nnten, ist eine \u00dcberpr\u00fcfung der Volksz\u00e4hlungsdaten. Nach Angaben des US Census Bureau wird das GPA-LEP-Unterst\u00fctzungsprogramm eine bessere Kommunikation mit etwa 26.452.847 B\u00fcrgern erm\u00f6glichen, die Englisch als Zweitsprache sprechen, die in den Vereinigten Staaten als &#8222;weniger als sehr gut&#8220; eingestuft wird.<\/li>\n<li>Genauer gesagt in Chatham County und der Metropolregion Savannah: Von den 260.239 Einwohnern in Chatham County sprechen 23.824 andere Sprachen als Englisch. Von diesen 23.824 B\u00fcrgern werden 9.560 als Englisch sprechend eingestuft, &#8222;weniger als sehr gut&#8220;. Von den Erstsprachen mit der gr\u00f6\u00dften Anzahl von LEP-Personen ist Spanisch mit etwa 2,2 % der Gesamtbev\u00f6lkerung die h\u00e4ufigste. Vietnamesen sind mit etwa<sup> 0,24 % die zweitbev\u00f6lkerungsreichste LEP-Bev\u00f6lkerung, gefolgt von Chinesen mit 0,21 %, Hindi mit 0,14 % und Koreanisch mit 0,12 %.<\/sup><\/li>\n<\/ol>\n<p>&nbsp;<\/p>\n<p><a href=\"https:\/\/data.census.gov\/table?q=B16001&amp;y=2022\">B16001 &#8211; Tabellen des Census Bureau<\/a><\/p>\n<p><a href=\"https:\/\/data.census.gov\/table\/ACSDT5Y2015.B16001?q=B16001&amp;g=050XX00US13051\">B16001: ZU HAUSE GESPROCHENE SPRACHE VON &#8230; &#8211; Tabelle des Census Bureau<\/a><\/p>\n<\/li>\n<\/ol>\n<p>&nbsp;<\/p>\n<\/li>\n<\/ol>\n<\/li>\n<li>Sobald eine Beschwerde eingereicht wurde, wird dem Beschwerdef\u00fchrer innerhalb von f\u00fcnf (5) Werktagen ein Best\u00e4tigungsschreiben ausgestellt.<\/li>\n<li>Die GPA wird die Beschwerde umgehend untersuchen und sich bem\u00fchen, die Untersuchung innerhalb von 60 Tagen abzuschlie\u00dfen, kann aber bei Bedarf mehr Zeit in Anspruch nehmen. Wenn weitere Informationen zur L\u00f6sung des Falles ben\u00f6tigt werden, kann sich der Koordinator f\u00fcr Nichtdiskriminierung mit dem Beschwerdef\u00fchrer in Verbindung setzen, der gegebenenfalls innerhalb von sieben Tagen oder innerhalb einer anderen angemessenen Frist, die von der GPA festgelegt wird, antwortet. Werden die angeforderten Informationen nicht unverz\u00fcglich zur Verf\u00fcgung gestellt, kann dies zur Abweisung der Beschwerde oder zum Abschluss der Untersuchung f\u00fchren. Ein Fall kann auch administrativ abgeschlossen werden, wenn der Beschwerdef\u00fchrer seinen Fall nicht mehr weiterverfolgen m\u00f6chte.<\/li>\n<li>Nach Abschluss der Untersuchung unterrichtet die GPA den Beschwerdef\u00fchrer \u00fcber das Ergebnis der Untersuchung.<\/li>\n<li>Wenn der Beschwerdef\u00fchrer gegen die Entscheidung Berufung einlegen m\u00f6chte, hat er zehn (10) Tage nach dem Datum der Bekanntgabe des Ergebnisses Zeit. um dies zu tun. Einspr\u00fcche sollten an den Chief Human Resources Officer der GPA gerichtet werden und werden von diesem entschieden.<\/li>\n<\/ol>\n<p>Der Antidiskriminierungskoordinator kann versuchen, die Beschwerde durch eine f\u00fcr beide Seiten akzeptable L\u00f6sung zu schlichten und zu l\u00f6sen. Jeder informelle Beschluss muss vom GPA Chief Human Resources Officer und dem Beschwerdef\u00fchrer unterzeichnet werden.<\/p>\n<p>Alle schriftlichen Beschwerden, die beim Antidiskriminierungskoordinator eingehen, Einspr\u00fcche an den Chief Human Resources Officer und Antworten dieser beiden Personen werden von der GPA f\u00fcr mindestens drei (3) Jahre aufbewahrt.<\/p>\n<p>Diese Verfahren schr\u00e4nken das Recht des Beschwerdef\u00fchrers, eine f\u00f6rmliche Beschwerde bei einer externen Vollstreckungsbeh\u00f6rde einzureichen, nicht ein oder verweigern es nicht. Zus\u00e4tzlich zu den oben genannten Verfahren kann sich jede Person, die sich in Bezug auf ein GPA-Programm oder eine Aktivit\u00e4t diskriminiert f\u00fchlt, an die zust\u00e4ndige Bundesbeh\u00f6rde wenden.<\/p>\n<p>Wenn eine Person, die f\u00fcr den GPA-Zugang zugelassen wurde, den Campus oder das Terminal der Georgia Port Authority f\u00fcr eine externe Aktivit\u00e4t betreten m\u00f6chte, angemessene Vorkehrungen treffen muss, wenden Sie sich bitte an den Antidiskriminierungskoordinator.<\/p>\n<ol class=\"ol1\">\n<li class=\"li8\">Anfragen nach angemessenen Vorkehrungen werden von Fall zu Fall beantwortet.<\/li>\n<li class=\"li8\">Jede Anfrage nach angemessenen Vorkehrungen, die per Telefon oder E-Mail eingeht, wird innerhalb von 5 Werktagen entweder per E-Mail oder telefonisch best\u00e4tigt.<\/li>\n<li class=\"li8\">Sobald die Vorkehrungen getroffen wurden, wird der Beg\u00fcnstigte benachrichtigt, um zu best\u00e4tigen, dass die Parameter der Unterkunft den Bed\u00fcrfnissen seiner Einschr\u00e4nkungen entsprechen.<\/li>\n<li class=\"li8\">Zwischenl\u00f6sungen werden getroffen, wenn langfristige L\u00f6sungen nicht sofort gefunden werden k\u00f6nnen.<\/li>\n<li class=\"li8\">Aufzeichnungen \u00fcber die Antr\u00e4ge und die anschlie\u00dfenden Vorkehrungen werden bei der Personalabteilung der GPA aufbewahrt.<\/li>\n<li class=\"li9\">Eine Definition von Einschr\u00e4nkungen und Erleichterungen finden Sie unter <a href=\"https:\/\/www.dol.gov\/agencies\/odep\/program-areas\/employers\/accommodations\"> <span class=\"s12\">Unterk\u00fcnfte | U.S. Department of Labor (dol.gov)<\/span> <\/a><\/li>\n<\/ol>\n"}}],"mega_menu_style":"none"},"yoast_head":"<!-- This site is optimized with the Yoast SEO plugin v27.3 - https:\/\/yoast.com\/product\/yoast-seo-wordpress\/ -->\n<title>Titel VI und ADA - Georgia Ports Authority<\/title>\n<meta name=\"robots\" content=\"index, follow, max-snippet:-1, max-image-preview:large, max-video-preview:-1\" \/>\n<link rel=\"canonical\" href=\"https:\/\/gaports.com\/de\/title-vi-and-ada\/\" \/>\n<meta property=\"og:locale\" content=\"de_DE\" \/>\n<meta property=\"og:type\" content=\"article\" \/>\n<meta property=\"og:title\" content=\"Titel VI und ADA - Georgia Ports Authority\" \/>\n<meta property=\"og:description\" content=\"Verfahren f\u00fcr Beschwerden\/Beschwerden wegen Nicht-Arbeitnehmerdiskriminierung\" \/>\n<meta property=\"og:url\" content=\"https:\/\/gaports.com\/de\/title-vi-and-ada\/\" \/>\n<meta property=\"og:site_name\" content=\"Georgia Ports Authority\" \/>\n<meta property=\"article:modified_time\" content=\"2024-07-01T08:52:53+00:00\" \/>\n<meta name=\"twitter:card\" content=\"summary_large_image\" \/>\n<script type=\"application\/ld+json\" class=\"yoast-schema-graph\">{\"@context\":\"https:\\\/\\\/schema.org\",\"@graph\":[{\"@type\":\"WebPage\",\"@id\":\"https:\\\/\\\/gaports.com\\\/de\\\/title-vi-and-ada\\\/\",\"url\":\"https:\\\/\\\/gaports.com\\\/de\\\/title-vi-and-ada\\\/\",\"name\":\"Titel VI und ADA - Georgia Ports Authority\",\"isPartOf\":{\"@id\":\"https:\\\/\\\/gaports.com\\\/#website\"},\"datePublished\":\"2023-10-30T15:38:59+00:00\",\"dateModified\":\"2024-07-01T08:52:53+00:00\",\"description\":\"Verfahren f\u00fcr Beschwerden\\\/Beschwerden wegen Nicht-Arbeitnehmerdiskriminierung\",\"breadcrumb\":{\"@id\":\"https:\\\/\\\/gaports.com\\\/de\\\/title-vi-and-ada\\\/#breadcrumb\"},\"inLanguage\":\"de-DE\",\"potentialAction\":[{\"@type\":\"ReadAction\",\"target\":[\"https:\\\/\\\/gaports.com\\\/de\\\/title-vi-and-ada\\\/\"]}]},{\"@type\":\"BreadcrumbList\",\"@id\":\"https:\\\/\\\/gaports.com\\\/de\\\/title-vi-and-ada\\\/#breadcrumb\",\"itemListElement\":[{\"@type\":\"ListItem\",\"position\":1,\"name\":\"Home\",\"item\":\"https:\\\/\\\/gaports.com\\\/\"},{\"@type\":\"ListItem\",\"position\":2,\"name\":\"Titel VI und ADA\"}]},{\"@type\":\"WebSite\",\"@id\":\"https:\\\/\\\/gaports.com\\\/#website\",\"url\":\"https:\\\/\\\/gaports.com\\\/\",\"name\":\"Georgia Ports Authority\",\"description\":\"Georgia Ports Authority official website with details on shipping ports in Georgia, port management, services, facilities, infrastructure, and operations statewide.\",\"potentialAction\":[{\"@type\":\"SearchAction\",\"target\":{\"@type\":\"EntryPoint\",\"urlTemplate\":\"https:\\\/\\\/gaports.com\\\/?s={search_term_string}\"},\"query-input\":{\"@type\":\"PropertyValueSpecification\",\"valueRequired\":true,\"valueName\":\"search_term_string\"}}],\"inLanguage\":\"de-DE\"}]}<\/script>\n<!-- \/ Yoast SEO plugin. -->","yoast_head_json":{"title":"Titel VI und ADA - Georgia Ports Authority","robots":{"index":"index","follow":"follow","max-snippet":"max-snippet:-1","max-image-preview":"max-image-preview:large","max-video-preview":"max-video-preview:-1"},"canonical":"https:\/\/gaports.com\/de\/title-vi-and-ada\/","og_locale":"de_DE","og_type":"article","og_title":"Titel VI und ADA - Georgia Ports Authority","og_description":"Verfahren f\u00fcr Beschwerden\/Beschwerden wegen Nicht-Arbeitnehmerdiskriminierung","og_url":"https:\/\/gaports.com\/de\/title-vi-and-ada\/","og_site_name":"Georgia Ports Authority","article_modified_time":"2024-07-01T08:52:53+00:00","twitter_card":"summary_large_image","schema":{"@context":"https:\/\/schema.org","@graph":[{"@type":"WebPage","@id":"https:\/\/gaports.com\/de\/title-vi-and-ada\/","url":"https:\/\/gaports.com\/de\/title-vi-and-ada\/","name":"Titel VI und ADA - Georgia Ports Authority","isPartOf":{"@id":"https:\/\/gaports.com\/#website"},"datePublished":"2023-10-30T15:38:59+00:00","dateModified":"2024-07-01T08:52:53+00:00","description":"Verfahren f\u00fcr Beschwerden\/Beschwerden wegen Nicht-Arbeitnehmerdiskriminierung","breadcrumb":{"@id":"https:\/\/gaports.com\/de\/title-vi-and-ada\/#breadcrumb"},"inLanguage":"de-DE","potentialAction":[{"@type":"ReadAction","target":["https:\/\/gaports.com\/de\/title-vi-and-ada\/"]}]},{"@type":"BreadcrumbList","@id":"https:\/\/gaports.com\/de\/title-vi-and-ada\/#breadcrumb","itemListElement":[{"@type":"ListItem","position":1,"name":"Home","item":"https:\/\/gaports.com\/"},{"@type":"ListItem","position":2,"name":"Titel VI und ADA"}]},{"@type":"WebSite","@id":"https:\/\/gaports.com\/#website","url":"https:\/\/gaports.com\/","name":"Georgia Ports Authority","description":"Georgia Ports Authority official website with details on shipping ports in Georgia, port management, services, facilities, infrastructure, and operations statewide.","potentialAction":[{"@type":"SearchAction","target":{"@type":"EntryPoint","urlTemplate":"https:\/\/gaports.com\/?s={search_term_string}"},"query-input":{"@type":"PropertyValueSpecification","valueRequired":true,"valueName":"search_term_string"}}],"inLanguage":"de-DE"}]}},"_links":{"self":[{"href":"https:\/\/gaports.com\/de\/wp-json\/wp\/v2\/pages\/822002","targetHints":{"allow":["GET"]}}],"collection":[{"href":"https:\/\/gaports.com\/de\/wp-json\/wp\/v2\/pages"}],"about":[{"href":"https:\/\/gaports.com\/de\/wp-json\/wp\/v2\/types\/page"}],"author":[{"embeddable":true,"href":"https:\/\/gaports.com\/de\/wp-json\/wp\/v2\/users\/20"}],"replies":[{"embeddable":true,"href":"https:\/\/gaports.com\/de\/wp-json\/wp\/v2\/comments?post=822002"}],"version-history":[{"count":0,"href":"https:\/\/gaports.com\/de\/wp-json\/wp\/v2\/pages\/822002\/revisions"}],"wp:attachment":[{"href":"https:\/\/gaports.com\/de\/wp-json\/wp\/v2\/media?parent=822002"}],"curies":[{"name":"wp","href":"https:\/\/api.w.org\/{rel}","templated":true}]}}